{"id":177579,"date":"2015-07-29T11:54:43","date_gmt":"2015-07-29T16:54:43","guid":{"rendered":"https:\/\/www.theatlasgroup.com\/comunidades\/comunidad-de-golf-brookridge-55-brooksville-fl\/datos-de-brookridge\/"},"modified":"2015-07-29T11:54:43","modified_gmt":"2015-07-29T16:54:43","slug":"datos-de-brookridge","status":"publish","type":"page","link":"https:\/\/www.theatlasgroup.com\/es\/comunidades\/comunidad-de-golf-brookridge-55-brooksville-fl\/datos-de-brookridge\/","title":{"rendered":"Datos de Brookridge"},"content":{"rendered":"<table class=\"community-data\">\n<tbody>\n<tr>\n<td style=\"text-align: right;\">55+<\/td>\n<td>SI<\/td>\n<\/tr>\n<tr>\n<td style=\"text-align: right;\">HOA<\/td>\n<td>S\u00cd (obligatorio)<\/td>\n<\/tr>\n<tr>\n<td style=\"text-align: right;\">CDD<\/td>\n<td>  NO<\/td>\n<\/tr>\n<tr>\n<td style=\"text-align: right;\">Tama\u00f1o<\/td>\n<td>M\u00e1s de 2400 viviendas<\/td>\n<\/tr>\n<tr>\n<td style=\"text-align: right;\">Tipos de viviendas<\/td>\n<td>2-4 dormitorios fabricados<\/td>\n<\/tr>\n<tr>\n<td style=\"text-align: right;\">Servicios<\/td>\n<td>\n<ul>\n<li>Piscina climatizada con sol\u00e1rium<\/li>\n<li>Casa club<\/li>\n<li>Campo de golf de 18 hoyos<\/li>\n<li>Putting green<\/li>\n<li>Pistas de tenis<\/li>\n<\/ul>\n<\/td>\n<\/tr>\n<\/tbody>\n<\/table>\n","protected":false},"excerpt":{"rendered":"<p>55+ SI HOA S\u00cd (obligatorio) CDD NO Tama\u00f1o M\u00e1s de 2400 viviendas Tipos de viviendas 2-4 dormitorios fabricados Servicios Piscina climatizada con sol\u00e1rium Casa club Campo de golf de 18 hoyos Putting green Pistas de tenis<\/p>\n","protected":false},"author":1,"featured_media":0,"parent":177303,"menu_order":0,"comment_status":"closed","ping_status":"closed","template":"","meta":{"_acf_changed":false,"footnotes":""},"class_list":["post-177579","page","type-page","status-publish","hentry","entry"],"acf":[],"yoast_head":"<!-- This site is optimized with the Yoast SEO plugin v25.0 - https:\/\/yoast.com\/wordpress\/plugins\/seo\/ -->\n<title>Datos de Brookridge - The Atlas Group<\/title>\n<meta name=\"robots\" content=\"index, follow, max-snippet:-1, max-image-preview:large, max-video-preview:-1\" \/>\n<link rel=\"canonical\" href=\"https:\/\/www.theatlasgroup.com\/es\/comunidades\/comunidad-de-golf-brookridge-55-brooksville-fl\/datos-de-brookridge\/\" \/>\n<meta property=\"og:locale\" content=\"es_ES\" \/>\n<meta property=\"og:type\" content=\"article\" \/>\n<meta property=\"og:title\" content=\"Datos de Brookridge - The Atlas Group\" \/>\n<meta property=\"og:description\" content=\"55+ SI HOA S\u00cd (obligatorio) CDD NO Tama\u00f1o M\u00e1s de 2400 viviendas Tipos de viviendas 2-4 dormitorios fabricados Servicios Piscina climatizada con sol\u00e1rium Casa club Campo de golf de 18 hoyos Putting green Pistas de tenis\" \/>\n<meta property=\"og:url\" content=\"https:\/\/www.theatlasgroup.com\/es\/comunidades\/comunidad-de-golf-brookridge-55-brooksville-fl\/datos-de-brookridge\/\" \/>\n<meta property=\"og:site_name\" content=\"The Atlas Group\" \/>\n<meta name=\"twitter:card\" content=\"summary_large_image\" \/>\n<script type=\"application\/ld+json\" class=\"yoast-schema-graph\">{\"@context\":\"https:\/\/schema.org\",\"@graph\":[{\"@type\":\"WebPage\",\"@id\":\"https:\/\/www.theatlasgroup.com\/es\/comunidades\/comunidad-de-golf-brookridge-55-brooksville-fl\/datos-de-brookridge\/\",\"url\":\"https:\/\/www.theatlasgroup.com\/es\/comunidades\/comunidad-de-golf-brookridge-55-brooksville-fl\/datos-de-brookridge\/\",\"name\":\"Datos de Brookridge - The Atlas Group\",\"isPartOf\":{\"@id\":\"https:\/\/www.theatlasgroup.com\/es\/#website\"},\"datePublished\":\"2015-07-29T16:54:43+00:00\",\"breadcrumb\":{\"@id\":\"https:\/\/www.theatlasgroup.com\/es\/comunidades\/comunidad-de-golf-brookridge-55-brooksville-fl\/datos-de-brookridge\/#breadcrumb\"},\"inLanguage\":\"es\",\"potentialAction\":[{\"@type\":\"ReadAction\",\"target\":[\"https:\/\/www.theatlasgroup.com\/es\/comunidades\/comunidad-de-golf-brookridge-55-brooksville-fl\/datos-de-brookridge\/\"]}]},{\"@type\":\"BreadcrumbList\",\"@id\":\"https:\/\/www.theatlasgroup.com\/es\/comunidades\/comunidad-de-golf-brookridge-55-brooksville-fl\/datos-de-brookridge\/#breadcrumb\",\"itemListElement\":[{\"@type\":\"ListItem\",\"position\":1,\"name\":\"Home\",\"item\":\"https:\/\/www.theatlasgroup.com\/es\/\"},{\"@type\":\"ListItem\",\"position\":2,\"name\":\"Comunidades\",\"item\":\"https:\/\/www.theatlasgroup.com\/es\/comunidades\/\"},{\"@type\":\"ListItem\",\"position\":3,\"name\":\"Comunidad de golf Brookridge 55+, Brooksville, FL\",\"item\":\"https:\/\/www.theatlasgroup.com\/es\/communities\/brookridge\/\"},{\"@type\":\"ListItem\",\"position\":4,\"name\":\"Datos de Brookridge\"}]},{\"@type\":\"WebSite\",\"@id\":\"https:\/\/www.theatlasgroup.com\/es\/#website\",\"url\":\"https:\/\/www.theatlasgroup.com\/es\/\",\"name\":\"The Atlas Group\",\"description\":\"Hernando County &amp; Spring Hill, FL Real Estate and Home Search\",\"potentialAction\":[{\"@type\":\"SearchAction\",\"target\":{\"@type\":\"EntryPoint\",\"urlTemplate\":\"https:\/\/www.theatlasgroup.com\/es\/?s={search_term_string}\"},\"query-input\":{\"@type\":\"PropertyValueSpecification\",\"valueRequired\":true,\"valueName\":\"search_term_string\"}}],\"inLanguage\":\"es\"}]}<\/script>\n<!-- \/ Yoast SEO plugin. -->","yoast_head_json":{"title":"Datos de Brookridge - The Atlas Group","robots":{"index":"index","follow":"follow","max-snippet":"max-snippet:-1","max-image-preview":"max-image-preview:large","max-video-preview":"max-video-preview:-1"},"canonical":"https:\/\/www.theatlasgroup.com\/es\/comunidades\/comunidad-de-golf-brookridge-55-brooksville-fl\/datos-de-brookridge\/","og_locale":"es_ES","og_type":"article","og_title":"Datos de Brookridge - The Atlas Group","og_description":"55+ SI HOA S\u00cd (obligatorio) CDD NO Tama\u00f1o M\u00e1s de 2400 viviendas Tipos de viviendas 2-4 dormitorios fabricados Servicios Piscina climatizada con sol\u00e1rium Casa club Campo de golf de 18 hoyos Putting green Pistas de tenis","og_url":"https:\/\/www.theatlasgroup.com\/es\/comunidades\/comunidad-de-golf-brookridge-55-brooksville-fl\/datos-de-brookridge\/","og_site_name":"The Atlas Group","twitter_card":"summary_large_image","schema":{"@context":"https:\/\/schema.org","@graph":[{"@type":"WebPage","@id":"https:\/\/www.theatlasgroup.com\/es\/comunidades\/comunidad-de-golf-brookridge-55-brooksville-fl\/datos-de-brookridge\/","url":"https:\/\/www.theatlasgroup.com\/es\/comunidades\/comunidad-de-golf-brookridge-55-brooksville-fl\/datos-de-brookridge\/","name":"Datos de Brookridge - The Atlas Group","isPartOf":{"@id":"https:\/\/www.theatlasgroup.com\/es\/#website"},"datePublished":"2015-07-29T16:54:43+00:00","breadcrumb":{"@id":"https:\/\/www.theatlasgroup.com\/es\/comunidades\/comunidad-de-golf-brookridge-55-brooksville-fl\/datos-de-brookridge\/#breadcrumb"},"inLanguage":"es","potentialAction":[{"@type":"ReadAction","target":["https:\/\/www.theatlasgroup.com\/es\/comunidades\/comunidad-de-golf-brookridge-55-brooksville-fl\/datos-de-brookridge\/"]}]},{"@type":"BreadcrumbList","@id":"https:\/\/www.theatlasgroup.com\/es\/comunidades\/comunidad-de-golf-brookridge-55-brooksville-fl\/datos-de-brookridge\/#breadcrumb","itemListElement":[{"@type":"ListItem","position":1,"name":"Home","item":"https:\/\/www.theatlasgroup.com\/es\/"},{"@type":"ListItem","position":2,"name":"Comunidades","item":"https:\/\/www.theatlasgroup.com\/es\/comunidades\/"},{"@type":"ListItem","position":3,"name":"Comunidad de golf Brookridge 55+, Brooksville, FL","item":"https:\/\/www.theatlasgroup.com\/es\/communities\/brookridge\/"},{"@type":"ListItem","position":4,"name":"Datos de Brookridge"}]},{"@type":"WebSite","@id":"https:\/\/www.theatlasgroup.com\/es\/#website","url":"https:\/\/www.theatlasgroup.com\/es\/","name":"The Atlas Group","description":"Hernando County &amp; Spring Hill, FL Real Estate and Home Search","potentialAction":[{"@type":"SearchAction","target":{"@type":"EntryPoint","urlTemplate":"https:\/\/www.theatlasgroup.com\/es\/?s={search_term_string}"},"query-input":{"@type":"PropertyValueSpecification","valueRequired":true,"valueName":"search_term_string"}}],"inLanguage":"es"}]}},"amp_enabled":true,"_links":{"self":[{"href":"https:\/\/www.theatlasgroup.com\/es\/wp-json\/wp\/v2\/pages\/177579","targetHints":{"allow":["GET"]}}],"collection":[{"href":"https:\/\/www.theatlasgroup.com\/es\/wp-json\/wp\/v2\/pages"}],"about":[{"href":"https:\/\/www.theatlasgroup.com\/es\/wp-json\/wp\/v2\/types\/page"}],"author":[{"embeddable":true,"href":"https:\/\/www.theatlasgroup.com\/es\/wp-json\/wp\/v2\/users\/1"}],"replies":[{"embeddable":true,"href":"https:\/\/www.theatlasgroup.com\/es\/wp-json\/wp\/v2\/comments?post=177579"}],"version-history":[{"count":0,"href":"https:\/\/www.theatlasgroup.com\/es\/wp-json\/wp\/v2\/pages\/177579\/revisions"}],"up":[{"embeddable":true,"href":"https:\/\/www.theatlasgroup.com\/es\/wp-json\/wp\/v2\/pages\/177303"}],"wp:attachment":[{"href":"https:\/\/www.theatlasgroup.com\/es\/wp-json\/wp\/v2\/media?parent=177579"}],"curies":[{"name":"wp","href":"https:\/\/api.w.org\/{rel}","templated":true}]}}