{"id":177513,"date":"2020-02-27T05:18:48","date_gmt":"2020-02-27T10:18:48","guid":{"rendered":"https:\/\/www.theatlasgroup.com\/comunidades\/inmuebles-en-high-point\/"},"modified":"2020-02-27T05:18:48","modified_gmt":"2020-02-27T10:18:48","slug":"inmuebles-en-high-point","status":"publish","type":"page","link":"https:\/\/www.theatlasgroup.com\/es\/comunidades\/inmuebles-en-high-point\/","title":{"rendered":"Inmuebles en High Point"},"content":{"rendered":"<p>High Point es una comunidad con escritura restringida en la que todos los lotes son de propiedad individual. Est\u00e1 gestionada profesionalmente por un administrador de la comunidad a tiempo completo y supervisada por un consejo de administraci\u00f3n elegido. Todos los propietarios pertenecen a la Asociaci\u00f3n de Propietarios de High Point <img decoding=\"async\" class=\" wp-image-991 alignright\" src=\"https:\/\/www.theatlasgroup.com\/wp-content\/uploads\/2015\/09\/highpointgolfclub-169x300.jpg\" alt=\"highpointgolfclub\" width=\"128\" height=\"227\" srcset=\"https:\/\/www.theatlasgroup.com\/wp-content\/uploads\/2015\/09\/highpointgolfclub-169x300.jpg 169w, https:\/\/www.theatlasgroup.com\/wp-content\/uploads\/2015\/09\/highpointgolfclub-576x1024.jpg 576w, https:\/\/www.theatlasgroup.com\/wp-content\/uploads\/2015\/09\/highpointgolfclub.jpg 1080w\" sizes=\"(max-width: 128px) 100vw, 128px\" \/>, y las cuotas se mantienen a un nivel constantemente bajo.<\/p>\n<p>Convenientemente ubicado, High Point est\u00e1 a poca distancia en autom\u00f3vil de las atracciones y aeropuertos de Tampa y Orlando. Weeki Wachee, la ciudad de las sirenas, est\u00e1 a s\u00f3lo cinco kil\u00f3metros. Pine Island Park, en el hermoso Golfo de M\u00e9xico, est\u00e1 a 10 minutos de su puerta, donde podr\u00e1 pasar el tiempo nadando, tomando el sol, observando aves o buscando delfines y manat\u00edes.<\/p>\n<p><img decoding=\"async\" class=\" wp-image-992 alignleft\" src=\"https:\/\/www.theatlasgroup.com\/wp-content\/uploads\/2015\/09\/highpointpool-300x169.jpg\" alt=\"highpointpool\" width=\"246\" height=\"138\" srcset=\"https:\/\/www.theatlasgroup.com\/wp-content\/uploads\/2015\/09\/highpointpool-300x169.jpg 300w, https:\/\/www.theatlasgroup.com\/wp-content\/uploads\/2015\/09\/highpointpool-1024x576.jpg 1024w, https:\/\/www.theatlasgroup.com\/wp-content\/uploads\/2015\/09\/highpointpool.jpg 1920w\" sizes=\"(max-width: 246px) 100vw, 246px\" \/>Las comodidades incluyen: piscina climatizada con energ\u00eda solar con terraza, campo de golf de 18 hoyos, campo de pr\u00e1ctica, campo de pr\u00e1ctica, canchas de tenis, canchas de tejo, hoyos de herradura, canchas de bochas, biblioteca, centro de computaci\u00f3n, \u00e1rea de almacenamiento y veh\u00edculos recreativos, y un gran centro comunitario completo con escenario, pista de baile y cocina. En el centro comunitario de High Point se celebran bailes, actos sociales, banquetes, conciertos y otras actividades, como clases de bailes de sal\u00f3n y en l\u00ednea, noches de cartas y clases de ejercicio.<\/p>\n","protected":false},"excerpt":{"rendered":"<p>High Point es una comunidad con escritura restringida en la que todos los lotes son de propiedad individual. Est\u00e1 gestionada profesionalmente por un administrador de la comunidad a tiempo completo y supervisada por un consejo de administraci\u00f3n elegido. Todos los propietarios pertenecen a la Asociaci\u00f3n de Propietarios de High Point , y las cuotas se [&hellip;]<\/p>\n","protected":false},"author":4,"featured_media":0,"parent":177294,"menu_order":0,"comment_status":"open","ping_status":"closed","template":"template-community.php","meta":{"_acf_changed":false,"footnotes":""},"class_list":["post-177513","page","type-page","status-publish","hentry","entry"],"acf":[],"yoast_head":"<!-- This site is optimized with the Yoast SEO plugin v25.0 - https:\/\/yoast.com\/wordpress\/plugins\/seo\/ -->\n<title>Inmuebles en High Point - The Atlas Group<\/title>\n<meta name=\"robots\" content=\"index, follow, max-snippet:-1, max-image-preview:large, max-video-preview:-1\" \/>\n<link rel=\"canonical\" href=\"https:\/\/www.theatlasgroup.com\/es\/comunidades\/inmuebles-en-high-point\/\" \/>\n<meta property=\"og:locale\" content=\"es_ES\" \/>\n<meta property=\"og:type\" content=\"article\" \/>\n<meta property=\"og:title\" content=\"Inmuebles en High Point - The Atlas Group\" \/>\n<meta property=\"og:description\" content=\"High Point es una comunidad con escritura restringida en la que todos los lotes son de propiedad individual. Est\u00e1 gestionada profesionalmente por un administrador de la comunidad a tiempo completo y supervisada por un consejo de administraci\u00f3n elegido. Todos los propietarios pertenecen a la Asociaci\u00f3n de Propietarios de High Point , y las cuotas se [&hellip;]\" \/>\n<meta property=\"og:url\" content=\"https:\/\/www.theatlasgroup.com\/es\/comunidades\/inmuebles-en-high-point\/\" \/>\n<meta property=\"og:site_name\" content=\"The Atlas Group\" \/>\n<meta property=\"og:image\" content=\"https:\/\/www.theatlasgroup.com\/wp-content\/uploads\/2015\/09\/highpointgolfclub-169x300.jpg\" \/>\n<meta name=\"twitter:card\" content=\"summary_large_image\" \/>\n<meta name=\"twitter:label1\" content=\"Tiempo de lectura\" \/>\n\t<meta name=\"twitter:data1\" content=\"1 minuto\" \/>\n<script type=\"application\/ld+json\" class=\"yoast-schema-graph\">{\"@context\":\"https:\/\/schema.org\",\"@graph\":[{\"@type\":\"WebPage\",\"@id\":\"https:\/\/www.theatlasgroup.com\/es\/comunidades\/inmuebles-en-high-point\/\",\"url\":\"https:\/\/www.theatlasgroup.com\/es\/comunidades\/inmuebles-en-high-point\/\",\"name\":\"Inmuebles en High Point - The Atlas Group\",\"isPartOf\":{\"@id\":\"https:\/\/www.theatlasgroup.com\/es\/#website\"},\"primaryImageOfPage\":{\"@id\":\"https:\/\/www.theatlasgroup.com\/es\/comunidades\/inmuebles-en-high-point\/#primaryimage\"},\"image\":{\"@id\":\"https:\/\/www.theatlasgroup.com\/es\/comunidades\/inmuebles-en-high-point\/#primaryimage\"},\"thumbnailUrl\":\"https:\/\/www.theatlasgroup.com\/wp-content\/uploads\/2015\/09\/highpointgolfclub-169x300.jpg\",\"datePublished\":\"2020-02-27T10:18:48+00:00\",\"breadcrumb\":{\"@id\":\"https:\/\/www.theatlasgroup.com\/es\/comunidades\/inmuebles-en-high-point\/#breadcrumb\"},\"inLanguage\":\"es\",\"potentialAction\":[{\"@type\":\"ReadAction\",\"target\":[\"https:\/\/www.theatlasgroup.com\/es\/comunidades\/inmuebles-en-high-point\/\"]}]},{\"@type\":\"ImageObject\",\"inLanguage\":\"es\",\"@id\":\"https:\/\/www.theatlasgroup.com\/es\/comunidades\/inmuebles-en-high-point\/#primaryimage\",\"url\":\"https:\/\/www.theatlasgroup.com\/wp-content\/uploads\/2015\/09\/highpointgolfclub-169x300.jpg\",\"contentUrl\":\"https:\/\/www.theatlasgroup.com\/wp-content\/uploads\/2015\/09\/highpointgolfclub-169x300.jpg\"},{\"@type\":\"BreadcrumbList\",\"@id\":\"https:\/\/www.theatlasgroup.com\/es\/comunidades\/inmuebles-en-high-point\/#breadcrumb\",\"itemListElement\":[{\"@type\":\"ListItem\",\"position\":1,\"name\":\"Home\",\"item\":\"https:\/\/www.theatlasgroup.com\/es\/\"},{\"@type\":\"ListItem\",\"position\":2,\"name\":\"Comunidades\",\"item\":\"https:\/\/www.theatlasgroup.com\/es\/comunidades\/\"},{\"@type\":\"ListItem\",\"position\":3,\"name\":\"Inmuebles en High Point\"}]},{\"@type\":\"WebSite\",\"@id\":\"https:\/\/www.theatlasgroup.com\/es\/#website\",\"url\":\"https:\/\/www.theatlasgroup.com\/es\/\",\"name\":\"The Atlas Group\",\"description\":\"Hernando County &amp; Spring Hill, FL Real Estate and Home Search\",\"potentialAction\":[{\"@type\":\"SearchAction\",\"target\":{\"@type\":\"EntryPoint\",\"urlTemplate\":\"https:\/\/www.theatlasgroup.com\/es\/?s={search_term_string}\"},\"query-input\":{\"@type\":\"PropertyValueSpecification\",\"valueRequired\":true,\"valueName\":\"search_term_string\"}}],\"inLanguage\":\"es\"}]}<\/script>\n<!-- \/ Yoast SEO plugin. -->","yoast_head_json":{"title":"Inmuebles en High Point - The Atlas Group","robots":{"index":"index","follow":"follow","max-snippet":"max-snippet:-1","max-image-preview":"max-image-preview:large","max-video-preview":"max-video-preview:-1"},"canonical":"https:\/\/www.theatlasgroup.com\/es\/comunidades\/inmuebles-en-high-point\/","og_locale":"es_ES","og_type":"article","og_title":"Inmuebles en High Point - The Atlas Group","og_description":"High Point es una comunidad con escritura restringida en la que todos los lotes son de propiedad individual. Est\u00e1 gestionada profesionalmente por un administrador de la comunidad a tiempo completo y supervisada por un consejo de administraci\u00f3n elegido. Todos los propietarios pertenecen a la Asociaci\u00f3n de Propietarios de High Point , y las cuotas se [&hellip;]","og_url":"https:\/\/www.theatlasgroup.com\/es\/comunidades\/inmuebles-en-high-point\/","og_site_name":"The Atlas Group","og_image":[{"url":"https:\/\/www.theatlasgroup.com\/wp-content\/uploads\/2015\/09\/highpointgolfclub-169x300.jpg","type":"","width":"","height":""}],"twitter_card":"summary_large_image","twitter_misc":{"Tiempo de lectura":"1 minuto"},"schema":{"@context":"https:\/\/schema.org","@graph":[{"@type":"WebPage","@id":"https:\/\/www.theatlasgroup.com\/es\/comunidades\/inmuebles-en-high-point\/","url":"https:\/\/www.theatlasgroup.com\/es\/comunidades\/inmuebles-en-high-point\/","name":"Inmuebles en High Point - The Atlas Group","isPartOf":{"@id":"https:\/\/www.theatlasgroup.com\/es\/#website"},"primaryImageOfPage":{"@id":"https:\/\/www.theatlasgroup.com\/es\/comunidades\/inmuebles-en-high-point\/#primaryimage"},"image":{"@id":"https:\/\/www.theatlasgroup.com\/es\/comunidades\/inmuebles-en-high-point\/#primaryimage"},"thumbnailUrl":"https:\/\/www.theatlasgroup.com\/wp-content\/uploads\/2015\/09\/highpointgolfclub-169x300.jpg","datePublished":"2020-02-27T10:18:48+00:00","breadcrumb":{"@id":"https:\/\/www.theatlasgroup.com\/es\/comunidades\/inmuebles-en-high-point\/#breadcrumb"},"inLanguage":"es","potentialAction":[{"@type":"ReadAction","target":["https:\/\/www.theatlasgroup.com\/es\/comunidades\/inmuebles-en-high-point\/"]}]},{"@type":"ImageObject","inLanguage":"es","@id":"https:\/\/www.theatlasgroup.com\/es\/comunidades\/inmuebles-en-high-point\/#primaryimage","url":"https:\/\/www.theatlasgroup.com\/wp-content\/uploads\/2015\/09\/highpointgolfclub-169x300.jpg","contentUrl":"https:\/\/www.theatlasgroup.com\/wp-content\/uploads\/2015\/09\/highpointgolfclub-169x300.jpg"},{"@type":"BreadcrumbList","@id":"https:\/\/www.theatlasgroup.com\/es\/comunidades\/inmuebles-en-high-point\/#breadcrumb","itemListElement":[{"@type":"ListItem","position":1,"name":"Home","item":"https:\/\/www.theatlasgroup.com\/es\/"},{"@type":"ListItem","position":2,"name":"Comunidades","item":"https:\/\/www.theatlasgroup.com\/es\/comunidades\/"},{"@type":"ListItem","position":3,"name":"Inmuebles en High Point"}]},{"@type":"WebSite","@id":"https:\/\/www.theatlasgroup.com\/es\/#website","url":"https:\/\/www.theatlasgroup.com\/es\/","name":"The Atlas Group","description":"Hernando County &amp; Spring Hill, FL Real Estate and Home Search","potentialAction":[{"@type":"SearchAction","target":{"@type":"EntryPoint","urlTemplate":"https:\/\/www.theatlasgroup.com\/es\/?s={search_term_string}"},"query-input":{"@type":"PropertyValueSpecification","valueRequired":true,"valueName":"search_term_string"}}],"inLanguage":"es"}]}},"amp_enabled":false,"_links":{"self":[{"href":"https:\/\/www.theatlasgroup.com\/es\/wp-json\/wp\/v2\/pages\/177513","targetHints":{"allow":["GET"]}}],"collection":[{"href":"https:\/\/www.theatlasgroup.com\/es\/wp-json\/wp\/v2\/pages"}],"about":[{"href":"https:\/\/www.theatlasgroup.com\/es\/wp-json\/wp\/v2\/types\/page"}],"author":[{"embeddable":true,"href":"https:\/\/www.theatlasgroup.com\/es\/wp-json\/wp\/v2\/users\/4"}],"replies":[{"embeddable":true,"href":"https:\/\/www.theatlasgroup.com\/es\/wp-json\/wp\/v2\/comments?post=177513"}],"version-history":[{"count":0,"href":"https:\/\/www.theatlasgroup.com\/es\/wp-json\/wp\/v2\/pages\/177513\/revisions"}],"up":[{"embeddable":true,"href":"https:\/\/www.theatlasgroup.com\/es\/wp-json\/wp\/v2\/pages\/177294"}],"wp:attachment":[{"href":"https:\/\/www.theatlasgroup.com\/es\/wp-json\/wp\/v2\/media?parent=177513"}],"curies":[{"name":"wp","href":"https:\/\/api.w.org\/{rel}","templated":true}]}}