{"id":177486,"date":"2014-08-17T09:02:22","date_gmt":"2014-08-17T14:02:22","guid":{"rendered":"https:\/\/www.theatlasgroup.com\/recursos-para-el-comprador-como-convertirse-en-un-comprador-inteligente\/que-es-una-garantia-de-vivienda\/"},"modified":"2014-08-17T09:02:22","modified_gmt":"2014-08-17T14:02:22","slug":"que-es-una-garantia-de-vivienda","status":"publish","type":"page","link":"https:\/\/www.theatlasgroup.com\/es\/recursos-para-el-comprador-como-convertirse-en-un-comprador-inteligente\/que-es-una-garantia-de-vivienda\/","title":{"rendered":"\u00bfQu\u00e9 es una garant\u00eda de vivienda?"},"content":{"rendered":"<p>Una garant\u00eda para el hogar es un contrato de servicio, normalmente por un a\u00f1o, que ayuda a proteger a los propietarios del hogar contra el costo de reparaciones cubiertas inesperadas o el reemplazo de sus principales sistemas y electrodom\u00e9sticos que se descomponen debido al uso y desgaste normal. La cobertura es para sistemas y aparatos en buen estado de funcionamiento al inicio del contrato.<\/p>\n<p>Consulte la p\u00f3liza de garant\u00eda de su hogar para ver cu\u00e1les de los siguientes art\u00edculos est\u00e1n cubiertos. Averig\u00fce tambi\u00e9n si la p\u00f3liza cubre el coste total de reposici\u00f3n de un art\u00edculo.<\/p>\n<ul>\n<li>Fontaner\u00eda<\/li>\n<li>Sistemas el\u00e9ctricos<\/li>\n<li>Horno<\/li>\n<li>Calentador de agua<\/li>\n<li>Conductos de calefacci\u00f3n<\/li>\n<li>Bomba de agua<\/li>\n<li>Lavavajillas<\/li>\n<li>Eliminaci\u00f3n de residuos<\/li>\n<li>Estufa\/cocina\/horno<\/li>\n<li>Microondas<\/li>\n<li>Frigor\u00edfico<\/li>\n<li>Lavadora\/secadora<\/li>\n<li>Piscina (puede ser opcional)<\/li>\n<\/ul>\n<p><em>Fuente: American Home Shield, <a href=\"http:\/\/www.ahswarranty.com\/\">www.ahswarranty.com,<\/a> socio de beneficios para REALTOR\u00ae.<\/em><\/p>\n<hr>\n<p style=\"text-align: center;\">Reimpreso de REALTOR\u00ae Magazine<a href=\"http:\/\/RealtorMag.Realtor.org\">(RealtorMag.Realtor.org<\/a>) con permiso de la NATIONAL ASSOCIATION OF REALTORS\u00ae.<br \/>\nDerechos de autor 2008. Reservados todos los derechos.<\/p>\n","protected":false},"excerpt":{"rendered":"<p>Una garant\u00eda para el hogar es un contrato de servicio, normalmente por un a\u00f1o, que ayuda a proteger a los propietarios del hogar contra el costo de reparaciones cubiertas inesperadas o el reemplazo de sus principales sistemas y electrodom\u00e9sticos que se descomponen debido al uso y desgaste normal. La cobertura es para sistemas y aparatos [&hellip;]<\/p>\n","protected":false},"author":1,"featured_media":0,"parent":177442,"menu_order":0,"comment_status":"closed","ping_status":"closed","template":"","meta":{"_acf_changed":false,"footnotes":""},"class_list":["post-177486","page","type-page","status-publish","hentry","entry"],"acf":[],"yoast_head":"<!-- This site is optimized with the Yoast SEO plugin v25.0 - https:\/\/yoast.com\/wordpress\/plugins\/seo\/ -->\n<title>\u00bfQu\u00e9 es una garant\u00eda de vivienda? - The Atlas Group<\/title>\n<meta name=\"robots\" content=\"index, follow, max-snippet:-1, max-image-preview:large, max-video-preview:-1\" \/>\n<link rel=\"canonical\" href=\"https:\/\/www.theatlasgroup.com\/es\/recursos-para-el-comprador-como-convertirse-en-un-comprador-inteligente\/que-es-una-garantia-de-vivienda\/\" \/>\n<meta property=\"og:locale\" content=\"es_ES\" \/>\n<meta property=\"og:type\" content=\"article\" \/>\n<meta property=\"og:title\" content=\"\u00bfQu\u00e9 es una garant\u00eda de vivienda? - The Atlas Group\" \/>\n<meta property=\"og:description\" content=\"Una garant\u00eda para el hogar es un contrato de servicio, normalmente por un a\u00f1o, que ayuda a proteger a los propietarios del hogar contra el costo de reparaciones cubiertas inesperadas o el reemplazo de sus principales sistemas y electrodom\u00e9sticos que se descomponen debido al uso y desgaste normal. La cobertura es para sistemas y aparatos [&hellip;]\" \/>\n<meta property=\"og:url\" content=\"https:\/\/www.theatlasgroup.com\/es\/recursos-para-el-comprador-como-convertirse-en-un-comprador-inteligente\/que-es-una-garantia-de-vivienda\/\" \/>\n<meta property=\"og:site_name\" content=\"The Atlas Group\" \/>\n<meta name=\"twitter:card\" content=\"summary_large_image\" \/>\n<meta name=\"twitter:label1\" content=\"Tiempo de lectura\" \/>\n\t<meta name=\"twitter:data1\" content=\"1 minuto\" \/>\n<script type=\"application\/ld+json\" class=\"yoast-schema-graph\">{\"@context\":\"https:\/\/schema.org\",\"@graph\":[{\"@type\":\"WebPage\",\"@id\":\"https:\/\/www.theatlasgroup.com\/es\/recursos-para-el-comprador-como-convertirse-en-un-comprador-inteligente\/que-es-una-garantia-de-vivienda\/\",\"url\":\"https:\/\/www.theatlasgroup.com\/es\/recursos-para-el-comprador-como-convertirse-en-un-comprador-inteligente\/que-es-una-garantia-de-vivienda\/\",\"name\":\"\u00bfQu\u00e9 es una garant\u00eda de vivienda? - The Atlas Group\",\"isPartOf\":{\"@id\":\"https:\/\/www.theatlasgroup.com\/es\/#website\"},\"datePublished\":\"2014-08-17T14:02:22+00:00\",\"breadcrumb\":{\"@id\":\"https:\/\/www.theatlasgroup.com\/es\/recursos-para-el-comprador-como-convertirse-en-un-comprador-inteligente\/que-es-una-garantia-de-vivienda\/#breadcrumb\"},\"inLanguage\":\"es\",\"potentialAction\":[{\"@type\":\"ReadAction\",\"target\":[\"https:\/\/www.theatlasgroup.com\/es\/recursos-para-el-comprador-como-convertirse-en-un-comprador-inteligente\/que-es-una-garantia-de-vivienda\/\"]}]},{\"@type\":\"BreadcrumbList\",\"@id\":\"https:\/\/www.theatlasgroup.com\/es\/recursos-para-el-comprador-como-convertirse-en-un-comprador-inteligente\/que-es-una-garantia-de-vivienda\/#breadcrumb\",\"itemListElement\":[{\"@type\":\"ListItem\",\"position\":1,\"name\":\"Home\",\"item\":\"https:\/\/www.theatlasgroup.com\/es\/\"},{\"@type\":\"ListItem\",\"position\":2,\"name\":\"Recursos para el comprador: C\u00f3mo convertirse en un comprador inteligente\",\"item\":\"https:\/\/www.theatlasgroup.com\/es\/recursos-para-el-comprador-como-convertirse-en-un-comprador-inteligente\/\"},{\"@type\":\"ListItem\",\"position\":3,\"name\":\"\u00bfQu\u00e9 es una garant\u00eda de vivienda?\"}]},{\"@type\":\"WebSite\",\"@id\":\"https:\/\/www.theatlasgroup.com\/es\/#website\",\"url\":\"https:\/\/www.theatlasgroup.com\/es\/\",\"name\":\"The Atlas Group\",\"description\":\"Hernando County &amp; Spring Hill, FL Real Estate and Home Search\",\"potentialAction\":[{\"@type\":\"SearchAction\",\"target\":{\"@type\":\"EntryPoint\",\"urlTemplate\":\"https:\/\/www.theatlasgroup.com\/es\/?s={search_term_string}\"},\"query-input\":{\"@type\":\"PropertyValueSpecification\",\"valueRequired\":true,\"valueName\":\"search_term_string\"}}],\"inLanguage\":\"es\"}]}<\/script>\n<!-- \/ Yoast SEO plugin. -->","yoast_head_json":{"title":"\u00bfQu\u00e9 es una garant\u00eda de vivienda? - The Atlas Group","robots":{"index":"index","follow":"follow","max-snippet":"max-snippet:-1","max-image-preview":"max-image-preview:large","max-video-preview":"max-video-preview:-1"},"canonical":"https:\/\/www.theatlasgroup.com\/es\/recursos-para-el-comprador-como-convertirse-en-un-comprador-inteligente\/que-es-una-garantia-de-vivienda\/","og_locale":"es_ES","og_type":"article","og_title":"\u00bfQu\u00e9 es una garant\u00eda de vivienda? - The Atlas Group","og_description":"Una garant\u00eda para el hogar es un contrato de servicio, normalmente por un a\u00f1o, que ayuda a proteger a los propietarios del hogar contra el costo de reparaciones cubiertas inesperadas o el reemplazo de sus principales sistemas y electrodom\u00e9sticos que se descomponen debido al uso y desgaste normal. La cobertura es para sistemas y aparatos [&hellip;]","og_url":"https:\/\/www.theatlasgroup.com\/es\/recursos-para-el-comprador-como-convertirse-en-un-comprador-inteligente\/que-es-una-garantia-de-vivienda\/","og_site_name":"The Atlas Group","twitter_card":"summary_large_image","twitter_misc":{"Tiempo de lectura":"1 minuto"},"schema":{"@context":"https:\/\/schema.org","@graph":[{"@type":"WebPage","@id":"https:\/\/www.theatlasgroup.com\/es\/recursos-para-el-comprador-como-convertirse-en-un-comprador-inteligente\/que-es-una-garantia-de-vivienda\/","url":"https:\/\/www.theatlasgroup.com\/es\/recursos-para-el-comprador-como-convertirse-en-un-comprador-inteligente\/que-es-una-garantia-de-vivienda\/","name":"\u00bfQu\u00e9 es una garant\u00eda de vivienda? - The Atlas Group","isPartOf":{"@id":"https:\/\/www.theatlasgroup.com\/es\/#website"},"datePublished":"2014-08-17T14:02:22+00:00","breadcrumb":{"@id":"https:\/\/www.theatlasgroup.com\/es\/recursos-para-el-comprador-como-convertirse-en-un-comprador-inteligente\/que-es-una-garantia-de-vivienda\/#breadcrumb"},"inLanguage":"es","potentialAction":[{"@type":"ReadAction","target":["https:\/\/www.theatlasgroup.com\/es\/recursos-para-el-comprador-como-convertirse-en-un-comprador-inteligente\/que-es-una-garantia-de-vivienda\/"]}]},{"@type":"BreadcrumbList","@id":"https:\/\/www.theatlasgroup.com\/es\/recursos-para-el-comprador-como-convertirse-en-un-comprador-inteligente\/que-es-una-garantia-de-vivienda\/#breadcrumb","itemListElement":[{"@type":"ListItem","position":1,"name":"Home","item":"https:\/\/www.theatlasgroup.com\/es\/"},{"@type":"ListItem","position":2,"name":"Recursos para el comprador: C\u00f3mo convertirse en un comprador inteligente","item":"https:\/\/www.theatlasgroup.com\/es\/recursos-para-el-comprador-como-convertirse-en-un-comprador-inteligente\/"},{"@type":"ListItem","position":3,"name":"\u00bfQu\u00e9 es una garant\u00eda de vivienda?"}]},{"@type":"WebSite","@id":"https:\/\/www.theatlasgroup.com\/es\/#website","url":"https:\/\/www.theatlasgroup.com\/es\/","name":"The Atlas Group","description":"Hernando County &amp; Spring Hill, FL Real Estate and Home Search","potentialAction":[{"@type":"SearchAction","target":{"@type":"EntryPoint","urlTemplate":"https:\/\/www.theatlasgroup.com\/es\/?s={search_term_string}"},"query-input":{"@type":"PropertyValueSpecification","valueRequired":true,"valueName":"search_term_string"}}],"inLanguage":"es"}]}},"amp_enabled":true,"_links":{"self":[{"href":"https:\/\/www.theatlasgroup.com\/es\/wp-json\/wp\/v2\/pages\/177486","targetHints":{"allow":["GET"]}}],"collection":[{"href":"https:\/\/www.theatlasgroup.com\/es\/wp-json\/wp\/v2\/pages"}],"about":[{"href":"https:\/\/www.theatlasgroup.com\/es\/wp-json\/wp\/v2\/types\/page"}],"author":[{"embeddable":true,"href":"https:\/\/www.theatlasgroup.com\/es\/wp-json\/wp\/v2\/users\/1"}],"replies":[{"embeddable":true,"href":"https:\/\/www.theatlasgroup.com\/es\/wp-json\/wp\/v2\/comments?post=177486"}],"version-history":[{"count":0,"href":"https:\/\/www.theatlasgroup.com\/es\/wp-json\/wp\/v2\/pages\/177486\/revisions"}],"up":[{"embeddable":true,"href":"https:\/\/www.theatlasgroup.com\/es\/wp-json\/wp\/v2\/pages\/177442"}],"wp:attachment":[{"href":"https:\/\/www.theatlasgroup.com\/es\/wp-json\/wp\/v2\/media?parent=177486"}],"curies":[{"name":"wp","href":"https:\/\/api.w.org\/{rel}","templated":true}]}}