{"id":177479,"date":"2014-08-17T08:41:38","date_gmt":"2014-08-17T13:41:38","guid":{"rendered":"https:\/\/www.theatlasgroup.com\/recursos-para-el-comprador-como-convertirse-en-un-comprador-inteligente\/consejos-para-comprar-en-un-mercado-tenso\/"},"modified":"2014-08-17T08:41:38","modified_gmt":"2014-08-17T13:41:38","slug":"consejos-para-comprar-en-un-mercado-tenso","status":"publish","type":"page","link":"https:\/\/www.theatlasgroup.com\/es\/recursos-para-el-comprador-como-convertirse-en-un-comprador-inteligente\/consejos-para-comprar-en-un-mercado-tenso\/","title":{"rendered":"Consejos para comprar en un mercado tenso"},"content":{"rendered":"<p>Aumente sus posibilidades de obtener la casa de sus sue\u00f1os en un mercado inmobiliario competitivo y disminuya sus posibilidades de perder frente a otro comprador.<\/p>\n<ol>\n<li><strong>Obtenga la precalificaci\u00f3n para una hipoteca.<\/strong> Podr\u00e1 comprometerse en firme a comprar y su oferta ser\u00e1 m\u00e1s deseable para el vendedor.<\/li>\n<li><strong>Mant\u00e9ngase en estrecho contacto con su agente inmobiliario para conocer las \u00faltimas ofertas.<\/strong> Est\u00e9 preparado para ver una casa tan pronto como salga al mercado; si es una gran casa, se vender\u00e1 r\u00e1pido.<\/li>\n<li><strong>Busque usted mismo nuevos anuncios.<\/strong> Mire sitios web como REALTOR.com, navegue por la secci\u00f3n de bienes ra\u00edces de su peri\u00f3dico local y conduzca por el vecindario para ver los carteles de Se vende. Si ve una casa que le gusta, anote la direcci\u00f3n y el nombre del agente de la lista. Su agente inmobiliario programar\u00e1 una visita.<\/li>\n<li><strong>Prep\u00e1rate para tomar una decisi\u00f3n.<\/strong> Dedique mucho tiempo de antemano a decidir qu\u00e9 debe tener en una casa para no estar seguro cuando tenga la oportunidad de hacer una oferta.<\/li>\n<li><strong>Licite de forma competitiva.<\/strong> Es posible que no desee comenzar ofreciendo el precio m\u00e1s alto absoluto que pueda pagar, pero no reduzca demasiado para llegar a un acuerdo. En un mercado dif\u00edcil, saldr\u00e1s perdiendo.<\/li>\n<li><strong>Reduzca al m\u00ednimo los imprevistos.<\/strong> Restricciones como la necesidad de vender su casa antes de mudarse o querer retrasar el cierre hasta una fecha determinada pueden hacer que su oferta no sea atractiva. En un mercado ajustado, es probable que pueda vender su casa r\u00e1pidamente. O hable con su prestamista acerca de obtener un pr\u00e9stamo puente para cubrir ambas hipotecas por un per\u00edodo corto.<\/li>\n<li><strong>No te dejes llevar por el frenes\u00ed de las compras.<\/strong>  Que haya competencia no significa que debas comprarla sin m\u00e1s. Y aunque quiera que su oferta sea atractiva, no descuide las inspecciones que ayudan a garantizar que su casa est\u00e9 en buenas condiciones.<\/li>\n<\/ol>\n<hr>\n<p style=\"text-align: center;\">Reimpreso de REALTOR\u00ae Magazine<a href=\"http:\/\/RealtorMag.Realtor.org\">(RealtorMag.Realtor.org<\/a>) con permiso de la NATIONAL ASSOCIATION OF REALTORS\u00ae.<br \/>\nDerechos de autor 2008. Reservados todos los derechos.<\/p>\n","protected":false},"excerpt":{"rendered":"<p>Aumente sus posibilidades de obtener la casa de sus sue\u00f1os en un mercado inmobiliario competitivo y disminuya sus posibilidades de perder frente a otro comprador. Obtenga la precalificaci\u00f3n para una hipoteca. Podr\u00e1 comprometerse en firme a comprar y su oferta ser\u00e1 m\u00e1s deseable para el vendedor. Mant\u00e9ngase en estrecho contacto con su agente inmobiliario para [&hellip;]<\/p>\n","protected":false},"author":11,"featured_media":0,"parent":177442,"menu_order":0,"comment_status":"closed","ping_status":"closed","template":"","meta":{"_acf_changed":false,"footnotes":""},"class_list":["post-177479","page","type-page","status-publish","hentry","entry"],"acf":[],"yoast_head":"<!-- This site is optimized with the Yoast SEO plugin v25.0 - https:\/\/yoast.com\/wordpress\/plugins\/seo\/ -->\n<title>Consejos para comprar en un mercado tenso<\/title>\n<meta name=\"description\" content=\"Aumente sus posibilidades de conseguir la casa de sus sue\u00f1os en un mercado inmobiliario competitivo, y reduzca las posibilidades de perder ante otro comprador.\" \/>\n<meta name=\"robots\" content=\"index, follow, max-snippet:-1, max-image-preview:large, max-video-preview:-1\" \/>\n<link rel=\"canonical\" href=\"https:\/\/www.theatlasgroup.com\/es\/recursos-para-el-comprador-como-convertirse-en-un-comprador-inteligente\/consejos-para-comprar-en-un-mercado-tenso\/\" \/>\n<meta property=\"og:locale\" content=\"es_ES\" \/>\n<meta property=\"og:type\" content=\"article\" \/>\n<meta property=\"og:title\" content=\"Consejos para comprar en un mercado tenso\" \/>\n<meta property=\"og:description\" content=\"Aumente sus posibilidades de conseguir la casa de sus sue\u00f1os en un mercado inmobiliario competitivo, y reduzca las posibilidades de perder ante otro comprador.\" \/>\n<meta property=\"og:url\" content=\"https:\/\/www.theatlasgroup.com\/es\/recursos-para-el-comprador-como-convertirse-en-un-comprador-inteligente\/consejos-para-comprar-en-un-mercado-tenso\/\" \/>\n<meta property=\"og:site_name\" content=\"The Atlas Group\" \/>\n<meta name=\"twitter:card\" content=\"summary_large_image\" \/>\n<meta name=\"twitter:label1\" content=\"Tiempo de lectura\" \/>\n\t<meta name=\"twitter:data1\" content=\"2 minutos\" \/>\n<script type=\"application\/ld+json\" class=\"yoast-schema-graph\">{\"@context\":\"https:\/\/schema.org\",\"@graph\":[{\"@type\":\"WebPage\",\"@id\":\"https:\/\/www.theatlasgroup.com\/es\/recursos-para-el-comprador-como-convertirse-en-un-comprador-inteligente\/consejos-para-comprar-en-un-mercado-tenso\/\",\"url\":\"https:\/\/www.theatlasgroup.com\/es\/recursos-para-el-comprador-como-convertirse-en-un-comprador-inteligente\/consejos-para-comprar-en-un-mercado-tenso\/\",\"name\":\"Consejos para comprar en un mercado tenso\",\"isPartOf\":{\"@id\":\"https:\/\/www.theatlasgroup.com\/es\/#website\"},\"datePublished\":\"2014-08-17T13:41:38+00:00\",\"description\":\"Aumente sus posibilidades de conseguir la casa de sus sue\u00f1os en un mercado inmobiliario competitivo, y reduzca las posibilidades de perder ante otro comprador.\",\"breadcrumb\":{\"@id\":\"https:\/\/www.theatlasgroup.com\/es\/recursos-para-el-comprador-como-convertirse-en-un-comprador-inteligente\/consejos-para-comprar-en-un-mercado-tenso\/#breadcrumb\"},\"inLanguage\":\"es\",\"potentialAction\":[{\"@type\":\"ReadAction\",\"target\":[\"https:\/\/www.theatlasgroup.com\/es\/recursos-para-el-comprador-como-convertirse-en-un-comprador-inteligente\/consejos-para-comprar-en-un-mercado-tenso\/\"]}]},{\"@type\":\"BreadcrumbList\",\"@id\":\"https:\/\/www.theatlasgroup.com\/es\/recursos-para-el-comprador-como-convertirse-en-un-comprador-inteligente\/consejos-para-comprar-en-un-mercado-tenso\/#breadcrumb\",\"itemListElement\":[{\"@type\":\"ListItem\",\"position\":1,\"name\":\"Home\",\"item\":\"https:\/\/www.theatlasgroup.com\/es\/\"},{\"@type\":\"ListItem\",\"position\":2,\"name\":\"Recursos para el comprador: C\u00f3mo convertirse en un comprador inteligente\",\"item\":\"https:\/\/www.theatlasgroup.com\/es\/recursos-para-el-comprador-como-convertirse-en-un-comprador-inteligente\/\"},{\"@type\":\"ListItem\",\"position\":3,\"name\":\"Consejos para comprar en un mercado tenso\"}]},{\"@type\":\"WebSite\",\"@id\":\"https:\/\/www.theatlasgroup.com\/es\/#website\",\"url\":\"https:\/\/www.theatlasgroup.com\/es\/\",\"name\":\"The Atlas Group\",\"description\":\"Hernando County &amp; Spring Hill, FL Real Estate and Home Search\",\"potentialAction\":[{\"@type\":\"SearchAction\",\"target\":{\"@type\":\"EntryPoint\",\"urlTemplate\":\"https:\/\/www.theatlasgroup.com\/es\/?s={search_term_string}\"},\"query-input\":{\"@type\":\"PropertyValueSpecification\",\"valueRequired\":true,\"valueName\":\"search_term_string\"}}],\"inLanguage\":\"es\"}]}<\/script>\n<!-- \/ Yoast SEO plugin. -->","yoast_head_json":{"title":"Consejos para comprar en un mercado tenso","description":"Aumente sus posibilidades de conseguir la casa de sus sue\u00f1os en un mercado inmobiliario competitivo, y reduzca las posibilidades de perder ante otro comprador.","robots":{"index":"index","follow":"follow","max-snippet":"max-snippet:-1","max-image-preview":"max-image-preview:large","max-video-preview":"max-video-preview:-1"},"canonical":"https:\/\/www.theatlasgroup.com\/es\/recursos-para-el-comprador-como-convertirse-en-un-comprador-inteligente\/consejos-para-comprar-en-un-mercado-tenso\/","og_locale":"es_ES","og_type":"article","og_title":"Consejos para comprar en un mercado tenso","og_description":"Aumente sus posibilidades de conseguir la casa de sus sue\u00f1os en un mercado inmobiliario competitivo, y reduzca las posibilidades de perder ante otro comprador.","og_url":"https:\/\/www.theatlasgroup.com\/es\/recursos-para-el-comprador-como-convertirse-en-un-comprador-inteligente\/consejos-para-comprar-en-un-mercado-tenso\/","og_site_name":"The Atlas Group","twitter_card":"summary_large_image","twitter_misc":{"Tiempo de lectura":"2 minutos"},"schema":{"@context":"https:\/\/schema.org","@graph":[{"@type":"WebPage","@id":"https:\/\/www.theatlasgroup.com\/es\/recursos-para-el-comprador-como-convertirse-en-un-comprador-inteligente\/consejos-para-comprar-en-un-mercado-tenso\/","url":"https:\/\/www.theatlasgroup.com\/es\/recursos-para-el-comprador-como-convertirse-en-un-comprador-inteligente\/consejos-para-comprar-en-un-mercado-tenso\/","name":"Consejos para comprar en un mercado tenso","isPartOf":{"@id":"https:\/\/www.theatlasgroup.com\/es\/#website"},"datePublished":"2014-08-17T13:41:38+00:00","description":"Aumente sus posibilidades de conseguir la casa de sus sue\u00f1os en un mercado inmobiliario competitivo, y reduzca las posibilidades de perder ante otro comprador.","breadcrumb":{"@id":"https:\/\/www.theatlasgroup.com\/es\/recursos-para-el-comprador-como-convertirse-en-un-comprador-inteligente\/consejos-para-comprar-en-un-mercado-tenso\/#breadcrumb"},"inLanguage":"es","potentialAction":[{"@type":"ReadAction","target":["https:\/\/www.theatlasgroup.com\/es\/recursos-para-el-comprador-como-convertirse-en-un-comprador-inteligente\/consejos-para-comprar-en-un-mercado-tenso\/"]}]},{"@type":"BreadcrumbList","@id":"https:\/\/www.theatlasgroup.com\/es\/recursos-para-el-comprador-como-convertirse-en-un-comprador-inteligente\/consejos-para-comprar-en-un-mercado-tenso\/#breadcrumb","itemListElement":[{"@type":"ListItem","position":1,"name":"Home","item":"https:\/\/www.theatlasgroup.com\/es\/"},{"@type":"ListItem","position":2,"name":"Recursos para el comprador: C\u00f3mo convertirse en un comprador inteligente","item":"https:\/\/www.theatlasgroup.com\/es\/recursos-para-el-comprador-como-convertirse-en-un-comprador-inteligente\/"},{"@type":"ListItem","position":3,"name":"Consejos para comprar en un mercado tenso"}]},{"@type":"WebSite","@id":"https:\/\/www.theatlasgroup.com\/es\/#website","url":"https:\/\/www.theatlasgroup.com\/es\/","name":"The Atlas Group","description":"Hernando County &amp; Spring Hill, FL Real Estate and Home Search","potentialAction":[{"@type":"SearchAction","target":{"@type":"EntryPoint","urlTemplate":"https:\/\/www.theatlasgroup.com\/es\/?s={search_term_string}"},"query-input":{"@type":"PropertyValueSpecification","valueRequired":true,"valueName":"search_term_string"}}],"inLanguage":"es"}]}},"amp_enabled":true,"_links":{"self":[{"href":"https:\/\/www.theatlasgroup.com\/es\/wp-json\/wp\/v2\/pages\/177479","targetHints":{"allow":["GET"]}}],"collection":[{"href":"https:\/\/www.theatlasgroup.com\/es\/wp-json\/wp\/v2\/pages"}],"about":[{"href":"https:\/\/www.theatlasgroup.com\/es\/wp-json\/wp\/v2\/types\/page"}],"author":[{"embeddable":true,"href":"https:\/\/www.theatlasgroup.com\/es\/wp-json\/wp\/v2\/users\/11"}],"replies":[{"embeddable":true,"href":"https:\/\/www.theatlasgroup.com\/es\/wp-json\/wp\/v2\/comments?post=177479"}],"version-history":[{"count":0,"href":"https:\/\/www.theatlasgroup.com\/es\/wp-json\/wp\/v2\/pages\/177479\/revisions"}],"up":[{"embeddable":true,"href":"https:\/\/www.theatlasgroup.com\/es\/wp-json\/wp\/v2\/pages\/177442"}],"wp:attachment":[{"href":"https:\/\/www.theatlasgroup.com\/es\/wp-json\/wp\/v2\/media?parent=177479"}],"curies":[{"name":"wp","href":"https:\/\/api.w.org\/{rel}","templated":true}]}}