{"id":177473,"date":"2014-08-16T23:05:11","date_gmt":"2014-08-17T04:05:11","guid":{"rendered":"https:\/\/www.theatlasgroup.com\/recursos-para-el-comprador-como-convertirse-en-un-comprador-inteligente\/tipos-de-prestamo\/"},"modified":"2014-08-16T23:05:11","modified_gmt":"2014-08-17T04:05:11","slug":"tipos-de-prestamo","status":"publish","type":"page","link":"https:\/\/www.theatlasgroup.com\/es\/recursos-para-el-comprador-como-convertirse-en-un-comprador-inteligente\/tipos-de-prestamo\/","title":{"rendered":"Tipos de pr\u00e9stamo"},"content":{"rendered":"<p>Repase estos conceptos b\u00e1sicos de hipotecas para ayudarlo a determinar el pr\u00e9stamo que mejor se adapte a sus necesidades.<\/p>\n<p><strong>Condiciones de la hipoteca.<\/strong>  Las hipotecas suelen estar disponibles a plazos de 15, 20 o 30 a\u00f1os. En general, cuanto m\u00e1s largo sea el plazo, m\u00e1s baja ser\u00e1 la cuota mensual. Sin embargo, pagas m\u00e1s intereses en total si pides un pr\u00e9stamo a m\u00e1s largo plazo.<\/p>\n<p><strong>Tipos de inter\u00e9s fijos o variables.<\/strong> Una tasa fija le permite asegurar una tasa baja siempre que mantenga la hipoteca y, en general, suele ser una buena opci\u00f3n si las tasas de inter\u00e9s son bajas. Una hipoteca de tipo variable est\u00e1 dise\u00f1ada para que el tipo de inter\u00e9s de su pr\u00e9stamo aumente a medida que suben los tipos de inter\u00e9s del mercado. Los ARM suelen ofrecer un tipo m\u00e1s bajo durante los primeros a\u00f1os de la hipoteca. Los ARM tambi\u00e9n suelen tener un l\u00edmite en cuanto a cu\u00e1nto puede aumentar el tipo de inter\u00e9s y con qu\u00e9 frecuencia. Este tipo de hipotecas son una buena opci\u00f3n cuando las tasas de inter\u00e9s fijas son altas o cuando espera que sus ingresos crezcan significativamente en los pr\u00f3ximos a\u00f1os.<\/p>\n<p><strong>Hipotecas globo.<\/strong> Estas hipotecas ofrecen tasas de inter\u00e9s muy bajas por un corto per\u00edodo de tiempo, a menudo de tres a siete a\u00f1os. Los pagos suelen cubrir s\u00f3lo los intereses, por lo que el capital adeudado no se reduce. Sin embargo, este tipo de pr\u00e9stamo puede ser una buena opci\u00f3n si cree que vender\u00e1 su casa en unos a\u00f1os.<\/p>\n<p><strong>Pr\u00e9stamos avalados por el Estado.<\/strong> Estos pr\u00e9stamos est\u00e1n patrocinados por agencias como la Federal Housing Administration (www.fha.gov) o el Departamento de Veterans Affairs (www.va.gov) y ofrecen t\u00e9rminos especiales, que incluyen pagos iniciales m\u00e1s bajos o tasas de inter\u00e9s reducidas para compradores calificados.<\/p>\n<p>Ligeras variaciones en los tipos de inter\u00e9s, los importes de los pr\u00e9stamos y los plazos pueden afectar significativamente a su pago mensual. Para obtener ayuda para determinar cu\u00e1nto ser\u00e1 su pago mensual por varios montos de pr\u00e9stamos, use la calculadora de hipotecas en l\u00ednea de Fannie Mae (www.fanniemae.com\/homebuyers\/calculators).<\/p>\n<hr>\n<p style=\"text-align: center;\">Reimpreso de REALTOR\u00ae Magazine<a href=\"http:\/\/RealtorMag.Realtor.org\">(RealtorMag.Realtor.org<\/a>) con permiso de la NATIONAL ASSOCIATION OF REALTORS\u00ae.<br \/>\nDerechos de autor 2008. Reservados todos los derechos.<\/p>\n","protected":false},"excerpt":{"rendered":"<p>Repase estos conceptos b\u00e1sicos de hipotecas para ayudarlo a determinar el pr\u00e9stamo que mejor se adapte a sus necesidades. Condiciones de la hipoteca. Las hipotecas suelen estar disponibles a plazos de 15, 20 o 30 a\u00f1os. En general, cuanto m\u00e1s largo sea el plazo, m\u00e1s baja ser\u00e1 la cuota mensual. Sin embargo, pagas m\u00e1s intereses [&hellip;]<\/p>\n","protected":false},"author":11,"featured_media":0,"parent":177442,"menu_order":0,"comment_status":"closed","ping_status":"closed","template":"","meta":{"_acf_changed":false,"footnotes":""},"class_list":["post-177473","page","type-page","status-publish","hentry","entry"],"acf":[],"yoast_head":"<!-- This site is optimized with the Yoast SEO plugin v25.0 - https:\/\/yoast.com\/wordpress\/plugins\/seo\/ -->\n<title>Tipos de pr\u00e9stamo<\/title>\n<meta name=\"description\" content=\"Repase estos conceptos b\u00e1sicos sobre hipotecas para ayudarle a determinar el pr\u00e9stamo que mejor se adapte a sus necesidades.\" \/>\n<meta name=\"robots\" content=\"index, follow, max-snippet:-1, max-image-preview:large, max-video-preview:-1\" \/>\n<link rel=\"canonical\" href=\"https:\/\/www.theatlasgroup.com\/es\/recursos-para-el-comprador-como-convertirse-en-un-comprador-inteligente\/tipos-de-prestamo\/\" \/>\n<meta property=\"og:locale\" content=\"es_ES\" \/>\n<meta property=\"og:type\" content=\"article\" \/>\n<meta property=\"og:title\" content=\"Tipos de pr\u00e9stamo\" \/>\n<meta property=\"og:description\" content=\"Repase estos conceptos b\u00e1sicos sobre hipotecas para ayudarle a determinar el pr\u00e9stamo que mejor se adapte a sus necesidades.\" \/>\n<meta property=\"og:url\" content=\"https:\/\/www.theatlasgroup.com\/es\/recursos-para-el-comprador-como-convertirse-en-un-comprador-inteligente\/tipos-de-prestamo\/\" \/>\n<meta property=\"og:site_name\" content=\"The Atlas Group\" \/>\n<meta name=\"twitter:card\" content=\"summary_large_image\" \/>\n<meta name=\"twitter:label1\" content=\"Tiempo de lectura\" \/>\n\t<meta name=\"twitter:data1\" content=\"2 minutos\" \/>\n<script type=\"application\/ld+json\" class=\"yoast-schema-graph\">{\"@context\":\"https:\/\/schema.org\",\"@graph\":[{\"@type\":\"WebPage\",\"@id\":\"https:\/\/www.theatlasgroup.com\/es\/recursos-para-el-comprador-como-convertirse-en-un-comprador-inteligente\/tipos-de-prestamo\/\",\"url\":\"https:\/\/www.theatlasgroup.com\/es\/recursos-para-el-comprador-como-convertirse-en-un-comprador-inteligente\/tipos-de-prestamo\/\",\"name\":\"Tipos de pr\u00e9stamo\",\"isPartOf\":{\"@id\":\"https:\/\/www.theatlasgroup.com\/es\/#website\"},\"datePublished\":\"2014-08-17T04:05:11+00:00\",\"description\":\"Repase estos conceptos b\u00e1sicos sobre hipotecas para ayudarle a determinar el pr\u00e9stamo que mejor se adapte a sus necesidades.\",\"breadcrumb\":{\"@id\":\"https:\/\/www.theatlasgroup.com\/es\/recursos-para-el-comprador-como-convertirse-en-un-comprador-inteligente\/tipos-de-prestamo\/#breadcrumb\"},\"inLanguage\":\"es\",\"potentialAction\":[{\"@type\":\"ReadAction\",\"target\":[\"https:\/\/www.theatlasgroup.com\/es\/recursos-para-el-comprador-como-convertirse-en-un-comprador-inteligente\/tipos-de-prestamo\/\"]}]},{\"@type\":\"BreadcrumbList\",\"@id\":\"https:\/\/www.theatlasgroup.com\/es\/recursos-para-el-comprador-como-convertirse-en-un-comprador-inteligente\/tipos-de-prestamo\/#breadcrumb\",\"itemListElement\":[{\"@type\":\"ListItem\",\"position\":1,\"name\":\"Home\",\"item\":\"https:\/\/www.theatlasgroup.com\/es\/\"},{\"@type\":\"ListItem\",\"position\":2,\"name\":\"Recursos para el comprador: C\u00f3mo convertirse en un comprador inteligente\",\"item\":\"https:\/\/www.theatlasgroup.com\/es\/recursos-para-el-comprador-como-convertirse-en-un-comprador-inteligente\/\"},{\"@type\":\"ListItem\",\"position\":3,\"name\":\"Tipos de pr\u00e9stamo\"}]},{\"@type\":\"WebSite\",\"@id\":\"https:\/\/www.theatlasgroup.com\/es\/#website\",\"url\":\"https:\/\/www.theatlasgroup.com\/es\/\",\"name\":\"The Atlas Group\",\"description\":\"Hernando County &amp; Spring Hill, FL Real Estate and Home Search\",\"potentialAction\":[{\"@type\":\"SearchAction\",\"target\":{\"@type\":\"EntryPoint\",\"urlTemplate\":\"https:\/\/www.theatlasgroup.com\/es\/?s={search_term_string}\"},\"query-input\":{\"@type\":\"PropertyValueSpecification\",\"valueRequired\":true,\"valueName\":\"search_term_string\"}}],\"inLanguage\":\"es\"}]}<\/script>\n<!-- \/ Yoast SEO plugin. -->","yoast_head_json":{"title":"Tipos de pr\u00e9stamo","description":"Repase estos conceptos b\u00e1sicos sobre hipotecas para ayudarle a determinar el pr\u00e9stamo que mejor se adapte a sus necesidades.","robots":{"index":"index","follow":"follow","max-snippet":"max-snippet:-1","max-image-preview":"max-image-preview:large","max-video-preview":"max-video-preview:-1"},"canonical":"https:\/\/www.theatlasgroup.com\/es\/recursos-para-el-comprador-como-convertirse-en-un-comprador-inteligente\/tipos-de-prestamo\/","og_locale":"es_ES","og_type":"article","og_title":"Tipos de pr\u00e9stamo","og_description":"Repase estos conceptos b\u00e1sicos sobre hipotecas para ayudarle a determinar el pr\u00e9stamo que mejor se adapte a sus necesidades.","og_url":"https:\/\/www.theatlasgroup.com\/es\/recursos-para-el-comprador-como-convertirse-en-un-comprador-inteligente\/tipos-de-prestamo\/","og_site_name":"The Atlas Group","twitter_card":"summary_large_image","twitter_misc":{"Tiempo de lectura":"2 minutos"},"schema":{"@context":"https:\/\/schema.org","@graph":[{"@type":"WebPage","@id":"https:\/\/www.theatlasgroup.com\/es\/recursos-para-el-comprador-como-convertirse-en-un-comprador-inteligente\/tipos-de-prestamo\/","url":"https:\/\/www.theatlasgroup.com\/es\/recursos-para-el-comprador-como-convertirse-en-un-comprador-inteligente\/tipos-de-prestamo\/","name":"Tipos de pr\u00e9stamo","isPartOf":{"@id":"https:\/\/www.theatlasgroup.com\/es\/#website"},"datePublished":"2014-08-17T04:05:11+00:00","description":"Repase estos conceptos b\u00e1sicos sobre hipotecas para ayudarle a determinar el pr\u00e9stamo que mejor se adapte a sus necesidades.","breadcrumb":{"@id":"https:\/\/www.theatlasgroup.com\/es\/recursos-para-el-comprador-como-convertirse-en-un-comprador-inteligente\/tipos-de-prestamo\/#breadcrumb"},"inLanguage":"es","potentialAction":[{"@type":"ReadAction","target":["https:\/\/www.theatlasgroup.com\/es\/recursos-para-el-comprador-como-convertirse-en-un-comprador-inteligente\/tipos-de-prestamo\/"]}]},{"@type":"BreadcrumbList","@id":"https:\/\/www.theatlasgroup.com\/es\/recursos-para-el-comprador-como-convertirse-en-un-comprador-inteligente\/tipos-de-prestamo\/#breadcrumb","itemListElement":[{"@type":"ListItem","position":1,"name":"Home","item":"https:\/\/www.theatlasgroup.com\/es\/"},{"@type":"ListItem","position":2,"name":"Recursos para el comprador: C\u00f3mo convertirse en un comprador inteligente","item":"https:\/\/www.theatlasgroup.com\/es\/recursos-para-el-comprador-como-convertirse-en-un-comprador-inteligente\/"},{"@type":"ListItem","position":3,"name":"Tipos de pr\u00e9stamo"}]},{"@type":"WebSite","@id":"https:\/\/www.theatlasgroup.com\/es\/#website","url":"https:\/\/www.theatlasgroup.com\/es\/","name":"The Atlas Group","description":"Hernando County &amp; Spring Hill, FL Real Estate and Home Search","potentialAction":[{"@type":"SearchAction","target":{"@type":"EntryPoint","urlTemplate":"https:\/\/www.theatlasgroup.com\/es\/?s={search_term_string}"},"query-input":{"@type":"PropertyValueSpecification","valueRequired":true,"valueName":"search_term_string"}}],"inLanguage":"es"}]}},"amp_enabled":true,"_links":{"self":[{"href":"https:\/\/www.theatlasgroup.com\/es\/wp-json\/wp\/v2\/pages\/177473","targetHints":{"allow":["GET"]}}],"collection":[{"href":"https:\/\/www.theatlasgroup.com\/es\/wp-json\/wp\/v2\/pages"}],"about":[{"href":"https:\/\/www.theatlasgroup.com\/es\/wp-json\/wp\/v2\/types\/page"}],"author":[{"embeddable":true,"href":"https:\/\/www.theatlasgroup.com\/es\/wp-json\/wp\/v2\/users\/11"}],"replies":[{"embeddable":true,"href":"https:\/\/www.theatlasgroup.com\/es\/wp-json\/wp\/v2\/comments?post=177473"}],"version-history":[{"count":0,"href":"https:\/\/www.theatlasgroup.com\/es\/wp-json\/wp\/v2\/pages\/177473\/revisions"}],"up":[{"embeddable":true,"href":"https:\/\/www.theatlasgroup.com\/es\/wp-json\/wp\/v2\/pages\/177442"}],"wp:attachment":[{"href":"https:\/\/www.theatlasgroup.com\/es\/wp-json\/wp\/v2\/media?parent=177473"}],"curies":[{"name":"wp","href":"https:\/\/api.w.org\/{rel}","templated":true}]}}