{"id":177299,"date":"2018-08-05T14:58:40","date_gmt":"2018-08-05T19:58:40","guid":{"rendered":"https:\/\/www.theatlasgroup.com\/sobre-nosotros\/el-equipo-del-grupo-atlas\/"},"modified":"2018-08-05T14:58:40","modified_gmt":"2018-08-05T19:58:40","slug":"el-equipo-del-grupo-atlas","status":"publish","type":"page","link":"https:\/\/www.theatlasgroup.com\/es\/sobre-nosotros\/el-equipo-del-grupo-atlas\/","title":{"rendered":"El equipo del Grupo Atlas"},"content":{"rendered":"<p><strong>El equipo del Grupo Atlas<\/strong><\/p>\n<p>Estamos orgullosos de nuestro equipo. Si tiene inter\u00e9s en formar parte de uno de los principales equipos de ventas inmobiliarias de la Costa Natural, p\u00f3ngase en contacto con nosotros.<\/p>\n<p><img decoding=\"async\" class=\"alignleft wp-image-2838 \" src=\"https:\/\/www.theatlasgroup.com\/wp-content\/uploads\/2018\/08\/1-P1-.jpg\" alt=\"\" width=\"225\" height=\"281\"><\/p>\n<p><strong><br \/>\n  <em>Tom Madonia, Corredor\/Realtor\u00ae.<br \/>\n<\/em><br \/>\n<\/strong><em>Tel\u00e9fono 352-584-0050<\/em><\/p>\n<p>Tom ha estado involucrado en bienes ra\u00edces por m\u00e1s de 25 a\u00f1os como un rehabber \/ inversor y un Realtor\u00ae con licencia aqu\u00ed Florida, con m\u00e1s de 300 transacciones cerradas desde 2011.<\/p>\n<p>Como licenciado por la Universidad de Emory, Tom encontr\u00f3 en Atlanta, GA, el entorno ideal para crear una empresa internacional de consultor\u00eda de medios interactivos, Digital Glue. Durante su estancia en Atlanta tambi\u00e9n fund\u00f3 su empresa de inversi\u00f3n y rehabilitaci\u00f3n de inmuebles residenciales, Atlas Home Buyers. Esta combinaci\u00f3n \u00fanica de marketing en l\u00ednea y la experiencia de inversi\u00f3n le hace excepcionalmente cualificado para encontrar compradores propiedades tradicionales y fuera de lo com\u00fan.<\/p>\n<p>Tom es un emprendedor tenaz que cree en los sue\u00f1os y disfruta ayudando a los dem\u00e1s a hacerlos realidad. Sigue colaborando con profesionales afines en diversas empresas de nueva creaci\u00f3n.<\/p>\n<p>Cuando trabaja con los clientes, Tom se esfuerza por hacer que su experiencia sea agradable, manteniendo todo el proceso lo m\u00e1s sencillo y eficiente posible. Su experiencia le sit\u00faa en una posici\u00f3n privilegiada para ayudar a compradores y vendedores a identificar las joyas ocultas y sacar el m\u00e1ximo partido a la inversi\u00f3n en sus viviendas.<\/p>\n<hr>\n<p>&nbsp;<\/p>\n<figure id=\"attachment_4246\" aria-describedby=\"caption-attachment-4246\" style=\"width: 224px\" class=\"wp-caption alignleft\"><a href=\"https:\/\/www.theatlasgroup.com\/wp-content\/uploads\/2019\/01\/Chad-Pardue.jpg\"><img decoding=\"async\" class=\" wp-image-4246\" src=\"https:\/\/www.theatlasgroup.com\/wp-content\/uploads\/2019\/01\/Chad-Pardue-268x300.jpg\" alt=\"\" width=\"224\" height=\"251\" srcset=\"https:\/\/www.theatlasgroup.com\/wp-content\/uploads\/2019\/01\/Chad-Pardue-268x300.jpg 268w, https:\/\/www.theatlasgroup.com\/wp-content\/uploads\/2019\/01\/Chad-Pardue-768x860.jpg 768w, https:\/\/www.theatlasgroup.com\/wp-content\/uploads\/2019\/01\/Chad-Pardue-914x1024.jpg 914w, https:\/\/www.theatlasgroup.com\/wp-content\/uploads\/2019\/01\/Chad-Pardue.jpg 1474w\" sizes=\"(max-width: 224px) 100vw, 224px\" \/><\/a><figcaption id=\"caption-attachment-4246\" class=\"wp-caption-text\">Chad Pardue, agente inmobiliario<\/figcaption><\/figure>\n<p><em><strong>Chad Pardue, Realtor\u00ae<br \/>\n<\/strong>tel\u00e9fono: 352-346-1610<\/em><\/p>\n<p>Chad vive en la Costa Natural de Florida desde 1980 y ha formado parte del enorme crecimiento y cambio que ha experimentado la zona.<\/p>\n<p>La pasi\u00f3n de Chad por las personas y los hogares le ha llevado a formar parte de la comunidad inmobiliaria desde hace m\u00e1s de 15 a\u00f1os. Sus experiencias, antecedentes y relaciones lo han equipado para convertirse en uno de los principales Agentes Inmobiliarios del Condado de Hernando y la Costa Natural de Florida. Su pasi\u00f3n por la gente y los hogares ha encontrado ser un complemento perfecto para la industria de bienes ra\u00edces, haciendo el proceso agradable, sencillo y eficiente.<\/p>\n<p>Chad es el que debe llamar si usted est\u00e1 buscando cualquier cosa, desde la propiedad frente al mar, acres pa\u00eds, las comunidades familiares, a los flips y propiedades de inversi\u00f3n. Trabajar\u00e1 diligentemente para encontrarle la propiedad que mejor se adapte a sus necesidades inmobiliarias. No espere m\u00e1s, p\u00f3ngase en contacto con \u00e9l hoy mismo.<\/p>\n<hr>\n<div><a href=\"https:\/\/www.theatlasgroup.com\/wp-content\/uploads\/2018\/08\/Sasha-Professional-Image.jpg\"><img decoding=\"async\" class=\"alignleft wp-image-2842\" src=\"https:\/\/www.theatlasgroup.com\/wp-content\/uploads\/2018\/08\/Sasha-Professional-Image-240x300.jpg\" alt=\"\" width=\"225\" height=\"281\" srcset=\"https:\/\/www.theatlasgroup.com\/wp-content\/uploads\/2018\/08\/Sasha-Professional-Image-240x300.jpg 240w, https:\/\/www.theatlasgroup.com\/wp-content\/uploads\/2018\/08\/Sasha-Professional-Image-768x959.jpg 768w, https:\/\/www.theatlasgroup.com\/wp-content\/uploads\/2018\/08\/Sasha-Professional-Image-820x1024.jpg 820w, https:\/\/www.theatlasgroup.com\/wp-content\/uploads\/2018\/08\/Sasha-Professional-Image.jpg 1281w\" sizes=\"(max-width: 225px) 100vw, 225px\" \/><\/a><em><strong>Alexandra \u00abSasha\u00bb Fedoroff, agente inmobiliario\u00ae<br \/>\n<\/strong>tel\u00e9fono: 352-584-0050<\/em><\/div>\n<div><\/div>\n<div>La carrera inmobiliaria de Sasha comenz\u00f3 en Nueva Jersey en 2001 y a\u00fan contin\u00faa. Ella es una licenciada dedicada tanto en FL y NJ con un conocimiento de larga data del negocio desde todos los aspectos.<\/div>\n<div><\/div>\n<div>\n<p>Desde hace m\u00e1s de 17 a\u00f1os, Sasha se dedica a la gesti\u00f3n de oficinas. Ahorrando incontables horas a los Agentes Inmobiliarios\u00ae mientras coordinan sus transacciones, pero tambi\u00e9n proporcionando asistencia experta a todos los compradores y vendedores durante el tedioso reto de comprar y vender su casa. Tanto si trabaja con Sasha como agente inmobiliario o como gestor de transacciones, le garantizamos que recibir\u00e1 la m\u00e1xima atenci\u00f3n, diligencia y eficacia. Sasha siempre est\u00e1 aqu\u00ed para ayudar. =)<\/p>\n<\/div>\n<div>\n<hr>\n<\/div>\n<div>\n<p><strong><br \/>\n  <a href=\"https:\/\/www.theatlasgroup.com\/wp-content\/uploads\/2018\/09\/Chris-Sowards_web.jpg\"><br \/>\n    <img decoding=\"async\" class=\"alignleft wp-image-3377\" src=\"https:\/\/www.theatlasgroup.com\/wp-content\/uploads\/2018\/09\/Chris-Sowards_web-241x300.jpg\" alt=\"\" width=\"225\" height=\"280\" srcset=\"https:\/\/www.theatlasgroup.com\/wp-content\/uploads\/2018\/09\/Chris-Sowards_web-241x300.jpg 241w, https:\/\/www.theatlasgroup.com\/wp-content\/uploads\/2018\/09\/Chris-Sowards_web-768x956.jpg 768w, https:\/\/www.theatlasgroup.com\/wp-content\/uploads\/2018\/09\/Chris-Sowards_web-823x1024.jpg 823w, https:\/\/www.theatlasgroup.com\/wp-content\/uploads\/2018\/09\/Chris-Sowards_web.jpg 1051w\" sizes=\"(max-width: 225px) 100vw, 225px\" \/><br \/>\n  <\/a><br \/>\n  <em>Chris Sowards, Agente Inmobiliario<br \/>\n<\/em><br \/>\n<\/strong><em>tel\u00e9fono: 813-404-5831<\/em><\/p>\n<p>&nbsp;<\/p>\n<p><span style=\"font-weight: 400;\">Chris Sowards vive en el condado de Hernando desde hace m\u00e1s de 20 a\u00f1os. Su familia se traslad\u00f3 a la zona desde Columbus (Ohio) cuando \u00e9l ten\u00eda 6 a\u00f1os. Chris y sus 2 hermanos asistieron a las escuelas del Condado de Hernando, donde se gradu\u00f3 de la Escuela Secundaria Springstead. Posteriormente obtuvo un t\u00edtulo de asociado en el Pasco Hernando State College y asisti\u00f3 a la Florida Atlantic University, donde se licenci\u00f3 en Administraci\u00f3n de Empresas. El inter\u00e9s de Chris por el sector inmobiliario creci\u00f3 cuando pas\u00f3 5 a\u00f1os trabajando para un constructor nacional en su departamento de marketing. All\u00ed trabaj\u00f3 directamente con compradores, agentes de ventas y agentes inmobiliarios para promover comunidades en toda la zona de Tampa. Tambi\u00e9n lleva 10 a\u00f1os trabajando en ventas de comunicaciones inal\u00e1mbricas, donde ha conseguido una clientela fiel. Chris ahora est\u00e1 trayendo su pasi\u00f3n de trabajar con la gente a las ventas de bienes ra\u00edces donde \u00e9l est\u00e1 listo para ayudarle a encontrar su pr\u00f3xima propiedad.<\/span><\/p>\n<hr>\n<p><a style=\"color: #809566; cursor: pointer;\" href=\"https:\/\/www.theatlasgroup.com\/wp-content\/uploads\/2018\/10\/Glenn-Urlacher-Copy.jpg\"><img decoding=\"async\" class=\"wp-image-3433 alignleft\" src=\"https:\/\/www.theatlasgroup.com\/wp-content\/uploads\/2018\/10\/Glenn-Urlacher-Copy-e1539196194133-219x300.jpg\" alt=\"Glenn Urlacher\" width=\"225\" height=\"308\" srcset=\"https:\/\/www.theatlasgroup.com\/wp-content\/uploads\/2018\/10\/Glenn-Urlacher-Copy-e1539196194133-219x300.jpg 219w, https:\/\/www.theatlasgroup.com\/wp-content\/uploads\/2018\/10\/Glenn-Urlacher-Copy-e1539196194133.jpg 468w\" sizes=\"(max-width: 225px) 100vw, 225px\" \/><\/a><\/p>\n<\/div>\n<div><em><strong>Glenn Urlacher, agente inmobiliario\u00ae<br \/>\n<\/strong>tel\u00e9fono: 701-220-2573<\/em><\/div>\n<div><\/div>\n<p><span style=\"font-weight: 400;\">Glenn Urlacher naci\u00f3 y creci\u00f3 en Dakota del Norte. Se licenci\u00f3 en Ciencias Empresariales por la Dickinson State University. Lleva 20 a\u00f1os dedicado al sector inmobiliario, comprando y vendiendo viviendas, y obteniendo inversiones en terrenos, mientras impart\u00eda clases en el sistema p\u00fablico de ense\u00f1anza. Glenn lleva 24 a\u00f1os casado con su esposa, Brenda. Glenn y Brenda adoran la vida familiar y tienen una hermosa familia con 5 hijos. Despu\u00e9s de 24 a\u00f1os de ense\u00f1anza, actividades extraescolares y de ser conductor de autob\u00fas a tiempo completo, Glenn y su esposa compraron una casa en Spring Hill. Durante una conferencia sobre educaci\u00f3n en Orlando, se enamor\u00f3 de la vida en Florida y de los inviernos sure\u00f1os. Glenn se jubil\u00f3 de la ense\u00f1anza y le entusiasma trabajar en el sector inmobiliario. Glenn se enorgullece de ser profesional, respetuoso y de hacer que sus clientes se sientan como en familia. Hace todo lo posible por ayudar a todos los que trabajan con \u00e9l.  <\/span><\/p>\n<hr>\n<p><a href=\"https:\/\/www.theatlasgroup.com\/wp-content\/uploads\/2019\/04\/Barb-Photo.jpg\"><img decoding=\"async\" class=\"size-full wp-image-4914 alignleft\" src=\"https:\/\/www.theatlasgroup.com\/wp-content\/uploads\/2019\/04\/Barb-Photo.jpg\" alt=\"\" width=\"237\" height=\"254\"><\/a><em><strong>Barbara von Kampen, Realtor\u00ae<br \/>\n<\/strong>tel\u00e9fono: 710-310-3364<\/em><\/p>\n<p><span style=\"font-weight: 400;\">Barb von Kampen es un profesional a tiempo completo Agente de Bienes Ra\u00edces con el Grupo Atlas ubicado en la hermosa Spring Hill, Florida. Su enfoque principal es en la lista y venta de propiedades residenciales en Hernando, Pasco y Citrus Condados.  <\/span><\/p>\n<p><span style=\"font-weight: 400;\">Barb se traslad\u00f3 a Florida en 2013 desde el Medio Oeste, donde naci\u00f3 y creci\u00f3 en una peque\u00f1a granja. Antes de que Barb obtuviera su licencia inmobiliaria, asisti\u00f3 a la Universidad de Sioux Falls y trabaj\u00f3 en la industria farmac\u00e9utica y de vacunas para la salud animal durante m\u00e1s de 20 a\u00f1os. El servicio al cliente siempre ha sido su m\u00e1xima prioridad. Reconocer\u00e1 este fuerte rasgo cuando trabaje con ella para encontrar la casa de sus sue\u00f1os.  <\/span><\/p>\n<p><span style=\"font-weight: 400;\">En su tiempo libre, Barb disfruta pasando tiempo con su familia, montando en bicicleta, tocando la guitarra y es una \u00e1vida jugadora de golf.  <\/span><\/p>\n<hr>\n<div>\n<figure id=\"attachment_4916\" aria-describedby=\"caption-attachment-4916\" style=\"width: 235px\" class=\"wp-caption alignleft\"><a href=\"https:\/\/www.theatlasgroup.com\/wp-content\/uploads\/2019\/04\/DSC_3538-e1555447770549.jpg\"><img decoding=\"async\" class=\"size-medium wp-image-4916\" src=\"https:\/\/www.theatlasgroup.com\/wp-content\/uploads\/2019\/04\/DSC_3538-e1555447770549-235x300.jpg\" alt=\"\" width=\"235\" height=\"300\" srcset=\"https:\/\/www.theatlasgroup.com\/wp-content\/uploads\/2019\/04\/DSC_3538-e1555447770549-235x300.jpg 235w, https:\/\/www.theatlasgroup.com\/wp-content\/uploads\/2019\/04\/DSC_3538-e1555447770549-768x982.jpg 768w, https:\/\/www.theatlasgroup.com\/wp-content\/uploads\/2019\/04\/DSC_3538-e1555447770549-801x1024.jpg 801w\" sizes=\"(max-width: 235px) 100vw, 235px\" \/><\/a><figcaption id=\"caption-attachment-4916\" class=\"wp-caption-text\">Alexis Rosado &#8211; Agente inmobiliario<\/figcaption><\/figure>\n<p><em><strong>Alexis Rosado, Realtor\u00ae<br \/>\n<\/strong>tel\u00e9fono: 352-263-0147<\/em><\/p>\n<\/div>\n<div><\/div>\n<p><span style=\"font-weight: 400;\">Alexis Rosado naci\u00f3 y creci\u00f3 en Connecticut y se traslad\u00f3 a Florida para centrarse y labrarse una carrera.<br \/>\nbasada en el trabajo duro y las pr\u00e1cticas \u00e9ticas. Mientras estuvo en Florida, Alexis fue carpintero, camionero y<br \/>\nincluso hizo carrera en las fuerzas del orden antes de dedicar 4 a\u00f1os a trabajar para un importante servicio de telefon\u00eda m\u00f3vil<br \/>\nminorista como gestor de cuentas. Lleva un par de a\u00f1os en el sector inmobiliario y<br \/>\naporta una gran riqueza de conocimientos all\u00e1 donde va.<\/span><\/p>\n<p><span style=\"font-weight: 400;\">Alexis toma toda esa experiencia y trabajo duro y lo lleva a sus clientes. Los clientes se beneficiar\u00e1n de su rapidez, vigor y dedicaci\u00f3n. Su atenci\u00f3n al detalle beneficiar\u00e1 enormemente a quienes no teman hacer preguntas y deseen contar con un profesional cualificado que posea un conjunto \u00fanico de habilidades.<\/span><span style=\"font-size: 1rem;\">.<\/span><\/p>\n","protected":false},"excerpt":{"rendered":"<p>El equipo del Grupo Atlas Estamos orgullosos de nuestro equipo. Si tiene inter\u00e9s en formar parte de uno de los principales equipos de ventas inmobiliarias de la Costa Natural, p\u00f3ngase en contacto con nosotros. Tom Madonia, Corredor\/Realtor\u00ae. Tel\u00e9fono 352-584-0050 Tom ha estado involucrado en bienes ra\u00edces por m\u00e1s de 25 a\u00f1os como un rehabber \/ [&hellip;]<\/p>\n","protected":false},"author":1,"featured_media":0,"parent":177296,"menu_order":2,"comment_status":"closed","ping_status":"closed","template":"","meta":{"_acf_changed":false,"footnotes":""},"class_list":["post-177299","page","type-page","status-publish","hentry","entry"],"acf":[],"yoast_head":"<!-- This site is optimized with the Yoast SEO plugin v25.0 - https:\/\/yoast.com\/wordpress\/plugins\/seo\/ -->\n<title>El equipo del Grupo Atlas - The Atlas Group<\/title>\n<meta name=\"robots\" content=\"index, follow, max-snippet:-1, max-image-preview:large, max-video-preview:-1\" \/>\n<link rel=\"canonical\" href=\"https:\/\/www.theatlasgroup.com\/es\/sobre-nosotros\/el-equipo-del-grupo-atlas\/\" \/>\n<meta property=\"og:locale\" content=\"es_ES\" \/>\n<meta property=\"og:type\" content=\"article\" \/>\n<meta property=\"og:title\" content=\"El equipo del Grupo Atlas - The Atlas Group\" \/>\n<meta property=\"og:description\" content=\"El equipo del Grupo Atlas Estamos orgullosos de nuestro equipo. Si tiene inter\u00e9s en formar parte de uno de los principales equipos de ventas inmobiliarias de la Costa Natural, p\u00f3ngase en contacto con nosotros. Tom Madonia, Corredor\/Realtor\u00ae. Tel\u00e9fono 352-584-0050 Tom ha estado involucrado en bienes ra\u00edces por m\u00e1s de 25 a\u00f1os como un rehabber \/ [&hellip;]\" \/>\n<meta property=\"og:url\" content=\"https:\/\/www.theatlasgroup.com\/es\/sobre-nosotros\/el-equipo-del-grupo-atlas\/\" \/>\n<meta property=\"og:site_name\" content=\"The Atlas Group\" \/>\n<meta property=\"og:image\" content=\"https:\/\/www.theatlasgroup.com\/wp-content\/uploads\/2018\/08\/1-P1-.jpg\" \/>\n<meta name=\"twitter:card\" content=\"summary_large_image\" \/>\n<meta name=\"twitter:label1\" content=\"Tiempo de lectura\" \/>\n\t<meta name=\"twitter:data1\" content=\"6 minutos\" \/>\n<script type=\"application\/ld+json\" class=\"yoast-schema-graph\">{\"@context\":\"https:\/\/schema.org\",\"@graph\":[{\"@type\":\"WebPage\",\"@id\":\"https:\/\/www.theatlasgroup.com\/es\/sobre-nosotros\/el-equipo-del-grupo-atlas\/\",\"url\":\"https:\/\/www.theatlasgroup.com\/es\/sobre-nosotros\/el-equipo-del-grupo-atlas\/\",\"name\":\"El equipo del Grupo Atlas - The Atlas Group\",\"isPartOf\":{\"@id\":\"https:\/\/www.theatlasgroup.com\/es\/#website\"},\"primaryImageOfPage\":{\"@id\":\"https:\/\/www.theatlasgroup.com\/es\/sobre-nosotros\/el-equipo-del-grupo-atlas\/#primaryimage\"},\"image\":{\"@id\":\"https:\/\/www.theatlasgroup.com\/es\/sobre-nosotros\/el-equipo-del-grupo-atlas\/#primaryimage\"},\"thumbnailUrl\":\"https:\/\/www.theatlasgroup.com\/wp-content\/uploads\/2018\/08\/1-P1-.jpg\",\"datePublished\":\"2018-08-05T19:58:40+00:00\",\"breadcrumb\":{\"@id\":\"https:\/\/www.theatlasgroup.com\/es\/sobre-nosotros\/el-equipo-del-grupo-atlas\/#breadcrumb\"},\"inLanguage\":\"es\",\"potentialAction\":[{\"@type\":\"ReadAction\",\"target\":[\"https:\/\/www.theatlasgroup.com\/es\/sobre-nosotros\/el-equipo-del-grupo-atlas\/\"]}]},{\"@type\":\"ImageObject\",\"inLanguage\":\"es\",\"@id\":\"https:\/\/www.theatlasgroup.com\/es\/sobre-nosotros\/el-equipo-del-grupo-atlas\/#primaryimage\",\"url\":\"https:\/\/www.theatlasgroup.com\/wp-content\/uploads\/2018\/08\/1-P1-.jpg\",\"contentUrl\":\"https:\/\/www.theatlasgroup.com\/wp-content\/uploads\/2018\/08\/1-P1-.jpg\"},{\"@type\":\"BreadcrumbList\",\"@id\":\"https:\/\/www.theatlasgroup.com\/es\/sobre-nosotros\/el-equipo-del-grupo-atlas\/#breadcrumb\",\"itemListElement\":[{\"@type\":\"ListItem\",\"position\":1,\"name\":\"Home\",\"item\":\"https:\/\/www.theatlasgroup.com\/es\/\"},{\"@type\":\"ListItem\",\"position\":2,\"name\":\"Sobre nosotros\",\"item\":\"https:\/\/www.theatlasgroup.com\/es\/about-us\/\"},{\"@type\":\"ListItem\",\"position\":3,\"name\":\"El equipo del Grupo Atlas\"}]},{\"@type\":\"WebSite\",\"@id\":\"https:\/\/www.theatlasgroup.com\/es\/#website\",\"url\":\"https:\/\/www.theatlasgroup.com\/es\/\",\"name\":\"The Atlas Group\",\"description\":\"Hernando County &amp; Spring Hill, FL Real Estate and Home Search\",\"potentialAction\":[{\"@type\":\"SearchAction\",\"target\":{\"@type\":\"EntryPoint\",\"urlTemplate\":\"https:\/\/www.theatlasgroup.com\/es\/?s={search_term_string}\"},\"query-input\":{\"@type\":\"PropertyValueSpecification\",\"valueRequired\":true,\"valueName\":\"search_term_string\"}}],\"inLanguage\":\"es\"}]}<\/script>\n<!-- \/ Yoast SEO plugin. -->","yoast_head_json":{"title":"El equipo del Grupo Atlas - The Atlas Group","robots":{"index":"index","follow":"follow","max-snippet":"max-snippet:-1","max-image-preview":"max-image-preview:large","max-video-preview":"max-video-preview:-1"},"canonical":"https:\/\/www.theatlasgroup.com\/es\/sobre-nosotros\/el-equipo-del-grupo-atlas\/","og_locale":"es_ES","og_type":"article","og_title":"El equipo del Grupo Atlas - The Atlas Group","og_description":"El equipo del Grupo Atlas Estamos orgullosos de nuestro equipo. Si tiene inter\u00e9s en formar parte de uno de los principales equipos de ventas inmobiliarias de la Costa Natural, p\u00f3ngase en contacto con nosotros. Tom Madonia, Corredor\/Realtor\u00ae. Tel\u00e9fono 352-584-0050 Tom ha estado involucrado en bienes ra\u00edces por m\u00e1s de 25 a\u00f1os como un rehabber \/ [&hellip;]","og_url":"https:\/\/www.theatlasgroup.com\/es\/sobre-nosotros\/el-equipo-del-grupo-atlas\/","og_site_name":"The Atlas Group","og_image":[{"url":"https:\/\/www.theatlasgroup.com\/wp-content\/uploads\/2018\/08\/1-P1-.jpg","type":"","width":"","height":""}],"twitter_card":"summary_large_image","twitter_misc":{"Tiempo de lectura":"6 minutos"},"schema":{"@context":"https:\/\/schema.org","@graph":[{"@type":"WebPage","@id":"https:\/\/www.theatlasgroup.com\/es\/sobre-nosotros\/el-equipo-del-grupo-atlas\/","url":"https:\/\/www.theatlasgroup.com\/es\/sobre-nosotros\/el-equipo-del-grupo-atlas\/","name":"El equipo del Grupo Atlas - The Atlas Group","isPartOf":{"@id":"https:\/\/www.theatlasgroup.com\/es\/#website"},"primaryImageOfPage":{"@id":"https:\/\/www.theatlasgroup.com\/es\/sobre-nosotros\/el-equipo-del-grupo-atlas\/#primaryimage"},"image":{"@id":"https:\/\/www.theatlasgroup.com\/es\/sobre-nosotros\/el-equipo-del-grupo-atlas\/#primaryimage"},"thumbnailUrl":"https:\/\/www.theatlasgroup.com\/wp-content\/uploads\/2018\/08\/1-P1-.jpg","datePublished":"2018-08-05T19:58:40+00:00","breadcrumb":{"@id":"https:\/\/www.theatlasgroup.com\/es\/sobre-nosotros\/el-equipo-del-grupo-atlas\/#breadcrumb"},"inLanguage":"es","potentialAction":[{"@type":"ReadAction","target":["https:\/\/www.theatlasgroup.com\/es\/sobre-nosotros\/el-equipo-del-grupo-atlas\/"]}]},{"@type":"ImageObject","inLanguage":"es","@id":"https:\/\/www.theatlasgroup.com\/es\/sobre-nosotros\/el-equipo-del-grupo-atlas\/#primaryimage","url":"https:\/\/www.theatlasgroup.com\/wp-content\/uploads\/2018\/08\/1-P1-.jpg","contentUrl":"https:\/\/www.theatlasgroup.com\/wp-content\/uploads\/2018\/08\/1-P1-.jpg"},{"@type":"BreadcrumbList","@id":"https:\/\/www.theatlasgroup.com\/es\/sobre-nosotros\/el-equipo-del-grupo-atlas\/#breadcrumb","itemListElement":[{"@type":"ListItem","position":1,"name":"Home","item":"https:\/\/www.theatlasgroup.com\/es\/"},{"@type":"ListItem","position":2,"name":"Sobre nosotros","item":"https:\/\/www.theatlasgroup.com\/es\/about-us\/"},{"@type":"ListItem","position":3,"name":"El equipo del Grupo Atlas"}]},{"@type":"WebSite","@id":"https:\/\/www.theatlasgroup.com\/es\/#website","url":"https:\/\/www.theatlasgroup.com\/es\/","name":"The Atlas Group","description":"Hernando County &amp; Spring Hill, FL Real Estate and Home Search","potentialAction":[{"@type":"SearchAction","target":{"@type":"EntryPoint","urlTemplate":"https:\/\/www.theatlasgroup.com\/es\/?s={search_term_string}"},"query-input":{"@type":"PropertyValueSpecification","valueRequired":true,"valueName":"search_term_string"}}],"inLanguage":"es"}]}},"amp_enabled":true,"_links":{"self":[{"href":"https:\/\/www.theatlasgroup.com\/es\/wp-json\/wp\/v2\/pages\/177299","targetHints":{"allow":["GET"]}}],"collection":[{"href":"https:\/\/www.theatlasgroup.com\/es\/wp-json\/wp\/v2\/pages"}],"about":[{"href":"https:\/\/www.theatlasgroup.com\/es\/wp-json\/wp\/v2\/types\/page"}],"author":[{"embeddable":true,"href":"https:\/\/www.theatlasgroup.com\/es\/wp-json\/wp\/v2\/users\/1"}],"replies":[{"embeddable":true,"href":"https:\/\/www.theatlasgroup.com\/es\/wp-json\/wp\/v2\/comments?post=177299"}],"version-history":[{"count":0,"href":"https:\/\/www.theatlasgroup.com\/es\/wp-json\/wp\/v2\/pages\/177299\/revisions"}],"up":[{"embeddable":true,"href":"https:\/\/www.theatlasgroup.com\/es\/wp-json\/wp\/v2\/pages\/177296"}],"wp:attachment":[{"href":"https:\/\/www.theatlasgroup.com\/es\/wp-json\/wp\/v2\/media?parent=177299"}],"curies":[{"name":"wp","href":"https:\/\/api.w.org\/{rel}","templated":true}]}}