{"id":177296,"date":"2018-06-21T07:48:33","date_gmt":"2018-06-21T12:48:33","guid":{"rendered":"https:\/\/www.theatlasgroup.com\/sobre-nosotros\/"},"modified":"2023-04-17T00:49:02","modified_gmt":"2023-04-17T05:49:02","slug":"sobre-nosotros","status":"publish","type":"page","link":"https:\/\/www.theatlasgroup.com\/es\/sobre-nosotros\/","title":{"rendered":"Sobre nosotros"},"content":{"rendered":"\n<p><a href=\"https:\/\/www.theatlasgroup.com\/wp-content\/uploads\/2018\/07\/Spring_Ridge.jpg\"><img decoding=\"async\" src=\"https:\/\/www.theatlasgroup.com\/wp-content\/uploads\/2018\/07\/Spring_Ridge-300x150.jpg\" alt=\"Spring Ridge Casas En Venta\" width=\"300\" height=\"150\"><\/a>El Grupo Atlas es un equipo fundado y dedicado a tres principios:<\/p>\n<h3><strong>\u00c9tica &#8211; Experiencia &#8211; Excelencia<\/strong><\/h3>\n<p>Nuestro compromiso con ellos se har\u00e1 evidente r\u00e1pidamente cuando empiece a trabajar con cualquiera de los miembros de nuestro equipo.<\/p>\n<p><strong>\u00c9tica<\/strong> &#8211; Tratar a todas las personas con las que trabajamos de forma honesta y justa. Es lo que hacemos. Lo esperamos de nosotros mismos, de los miembros de nuestro equipo, de los proveedores con los que trabajamos y de nuestros clientes. Aqu\u00ed no hay compromiso.<\/p>\n<p><strong>Experiencia<\/strong> &#8211; Nuestro equipo de profesionales re\u00fane experiencia en el sector inmobiliario residencial y de inversi\u00f3n, construcci\u00f3n, marketing online, gesti\u00f3n de proyectos, servicios financieros, etc. La experiencia colectiva y la amplia red de contactos que representa el Grupo Atlas es un activo que nos complace compartir con nuestros clientes.<\/p>\n<p><strong>Excelencia<\/strong> &#8211; \u00a1Nuestro compromiso es ser los mejores! Se refleja en cada paso de la transacci\u00f3n y es lo que le hace ganar clientes que repiten y referencias.<\/p>\n<p>Ll\u00e1menos. Conozca <a href=\"https:\/\/homes-for-sale.theatlasgroup.com\/idx\/roster\">\n  <strong>\n    <em>El equipo del Grupo Atlas<\/em>\n  <\/strong>\n<\/a>. Queremos ser su Realtors\u00ae para siempre.<\/p>\n<p>&nbsp;<\/p>\n","protected":false},"excerpt":{"rendered":"<p>El Grupo Atlas es un equipo fundado y dedicado a tres principios: \u00c9tica &#8211; Experiencia &#8211; Excelencia Nuestro compromiso con ellos se har\u00e1 evidente r\u00e1pidamente cuando empiece a trabajar con cualquiera de los miembros de nuestro equipo. \u00c9tica &#8211; Tratar a todas las personas con las que trabajamos de forma honesta y justa. Es lo [&hellip;]<\/p>\n","protected":false},"author":5,"featured_media":0,"parent":0,"menu_order":1,"comment_status":"closed","ping_status":"closed","template":"","meta":{"_acf_changed":false,"footnotes":""},"class_list":["post-177296","page","type-page","status-publish","hentry","entry"],"acf":[],"yoast_head":"<!-- This site is optimized with the Yoast SEO plugin v25.0 - https:\/\/yoast.com\/wordpress\/plugins\/seo\/ -->\n<title>Sobre nosotros - The Atlas Group<\/title>\n<meta name=\"robots\" content=\"index, follow, max-snippet:-1, max-image-preview:large, max-video-preview:-1\" \/>\n<link rel=\"canonical\" href=\"https:\/\/www.theatlasgroup.com\/es\/sobre-nosotros\/\" \/>\n<meta property=\"og:locale\" content=\"es_ES\" \/>\n<meta property=\"og:type\" content=\"article\" \/>\n<meta property=\"og:title\" content=\"Sobre nosotros - The Atlas Group\" \/>\n<meta property=\"og:description\" content=\"El Grupo Atlas es un equipo fundado y dedicado a tres principios: \u00c9tica &#8211; Experiencia &#8211; Excelencia Nuestro compromiso con ellos se har\u00e1 evidente r\u00e1pidamente cuando empiece a trabajar con cualquiera de los miembros de nuestro equipo. \u00c9tica &#8211; Tratar a todas las personas con las que trabajamos de forma honesta y justa. Es lo [&hellip;]\" \/>\n<meta property=\"og:url\" content=\"https:\/\/www.theatlasgroup.com\/es\/sobre-nosotros\/\" \/>\n<meta property=\"og:site_name\" content=\"The Atlas Group\" \/>\n<meta property=\"article:modified_time\" content=\"2023-04-17T05:49:02+00:00\" \/>\n<meta property=\"og:image\" content=\"https:\/\/www.theatlasgroup.com\/wp-content\/uploads\/2018\/07\/Spring_Ridge-300x150.jpg\" \/>\n<meta name=\"twitter:card\" content=\"summary_large_image\" \/>\n<meta name=\"twitter:label1\" content=\"Tiempo de lectura\" \/>\n\t<meta name=\"twitter:data1\" content=\"1 minuto\" \/>\n<script type=\"application\/ld+json\" class=\"yoast-schema-graph\">{\"@context\":\"https:\/\/schema.org\",\"@graph\":[{\"@type\":\"WebPage\",\"@id\":\"https:\/\/www.theatlasgroup.com\/es\/sobre-nosotros\/\",\"url\":\"https:\/\/www.theatlasgroup.com\/es\/sobre-nosotros\/\",\"name\":\"Sobre nosotros - The Atlas Group\",\"isPartOf\":{\"@id\":\"https:\/\/www.theatlasgroup.com\/es\/#website\"},\"primaryImageOfPage\":{\"@id\":\"https:\/\/www.theatlasgroup.com\/es\/sobre-nosotros\/#primaryimage\"},\"image\":{\"@id\":\"https:\/\/www.theatlasgroup.com\/es\/sobre-nosotros\/#primaryimage\"},\"thumbnailUrl\":\"https:\/\/www.theatlasgroup.com\/wp-content\/uploads\/2018\/07\/Spring_Ridge-300x150.jpg\",\"datePublished\":\"2018-06-21T12:48:33+00:00\",\"dateModified\":\"2023-04-17T05:49:02+00:00\",\"breadcrumb\":{\"@id\":\"https:\/\/www.theatlasgroup.com\/es\/sobre-nosotros\/#breadcrumb\"},\"inLanguage\":\"es\",\"potentialAction\":[{\"@type\":\"ReadAction\",\"target\":[\"https:\/\/www.theatlasgroup.com\/es\/sobre-nosotros\/\"]}]},{\"@type\":\"ImageObject\",\"inLanguage\":\"es\",\"@id\":\"https:\/\/www.theatlasgroup.com\/es\/sobre-nosotros\/#primaryimage\",\"url\":\"https:\/\/www.theatlasgroup.com\/wp-content\/uploads\/2018\/07\/Spring_Ridge-300x150.jpg\",\"contentUrl\":\"https:\/\/www.theatlasgroup.com\/wp-content\/uploads\/2018\/07\/Spring_Ridge-300x150.jpg\"},{\"@type\":\"BreadcrumbList\",\"@id\":\"https:\/\/www.theatlasgroup.com\/es\/sobre-nosotros\/#breadcrumb\",\"itemListElement\":[{\"@type\":\"ListItem\",\"position\":1,\"name\":\"Home\",\"item\":\"https:\/\/www.theatlasgroup.com\/es\/\"},{\"@type\":\"ListItem\",\"position\":2,\"name\":\"Sobre nosotros\"}]},{\"@type\":\"WebSite\",\"@id\":\"https:\/\/www.theatlasgroup.com\/es\/#website\",\"url\":\"https:\/\/www.theatlasgroup.com\/es\/\",\"name\":\"The Atlas Group\",\"description\":\"Hernando County &amp; Spring Hill, FL Real Estate and Home Search\",\"potentialAction\":[{\"@type\":\"SearchAction\",\"target\":{\"@type\":\"EntryPoint\",\"urlTemplate\":\"https:\/\/www.theatlasgroup.com\/es\/?s={search_term_string}\"},\"query-input\":{\"@type\":\"PropertyValueSpecification\",\"valueRequired\":true,\"valueName\":\"search_term_string\"}}],\"inLanguage\":\"es\"}]}<\/script>\n<!-- \/ Yoast SEO plugin. -->","yoast_head_json":{"title":"Sobre nosotros - The Atlas Group","robots":{"index":"index","follow":"follow","max-snippet":"max-snippet:-1","max-image-preview":"max-image-preview:large","max-video-preview":"max-video-preview:-1"},"canonical":"https:\/\/www.theatlasgroup.com\/es\/sobre-nosotros\/","og_locale":"es_ES","og_type":"article","og_title":"Sobre nosotros - The Atlas Group","og_description":"El Grupo Atlas es un equipo fundado y dedicado a tres principios: \u00c9tica &#8211; Experiencia &#8211; Excelencia Nuestro compromiso con ellos se har\u00e1 evidente r\u00e1pidamente cuando empiece a trabajar con cualquiera de los miembros de nuestro equipo. \u00c9tica &#8211; Tratar a todas las personas con las que trabajamos de forma honesta y justa. Es lo [&hellip;]","og_url":"https:\/\/www.theatlasgroup.com\/es\/sobre-nosotros\/","og_site_name":"The Atlas Group","article_modified_time":"2023-04-17T05:49:02+00:00","og_image":[{"url":"https:\/\/www.theatlasgroup.com\/wp-content\/uploads\/2018\/07\/Spring_Ridge-300x150.jpg","type":"","width":"","height":""}],"twitter_card":"summary_large_image","twitter_misc":{"Tiempo de lectura":"1 minuto"},"schema":{"@context":"https:\/\/schema.org","@graph":[{"@type":"WebPage","@id":"https:\/\/www.theatlasgroup.com\/es\/sobre-nosotros\/","url":"https:\/\/www.theatlasgroup.com\/es\/sobre-nosotros\/","name":"Sobre nosotros - The Atlas Group","isPartOf":{"@id":"https:\/\/www.theatlasgroup.com\/es\/#website"},"primaryImageOfPage":{"@id":"https:\/\/www.theatlasgroup.com\/es\/sobre-nosotros\/#primaryimage"},"image":{"@id":"https:\/\/www.theatlasgroup.com\/es\/sobre-nosotros\/#primaryimage"},"thumbnailUrl":"https:\/\/www.theatlasgroup.com\/wp-content\/uploads\/2018\/07\/Spring_Ridge-300x150.jpg","datePublished":"2018-06-21T12:48:33+00:00","dateModified":"2023-04-17T05:49:02+00:00","breadcrumb":{"@id":"https:\/\/www.theatlasgroup.com\/es\/sobre-nosotros\/#breadcrumb"},"inLanguage":"es","potentialAction":[{"@type":"ReadAction","target":["https:\/\/www.theatlasgroup.com\/es\/sobre-nosotros\/"]}]},{"@type":"ImageObject","inLanguage":"es","@id":"https:\/\/www.theatlasgroup.com\/es\/sobre-nosotros\/#primaryimage","url":"https:\/\/www.theatlasgroup.com\/wp-content\/uploads\/2018\/07\/Spring_Ridge-300x150.jpg","contentUrl":"https:\/\/www.theatlasgroup.com\/wp-content\/uploads\/2018\/07\/Spring_Ridge-300x150.jpg"},{"@type":"BreadcrumbList","@id":"https:\/\/www.theatlasgroup.com\/es\/sobre-nosotros\/#breadcrumb","itemListElement":[{"@type":"ListItem","position":1,"name":"Home","item":"https:\/\/www.theatlasgroup.com\/es\/"},{"@type":"ListItem","position":2,"name":"Sobre nosotros"}]},{"@type":"WebSite","@id":"https:\/\/www.theatlasgroup.com\/es\/#website","url":"https:\/\/www.theatlasgroup.com\/es\/","name":"The Atlas Group","description":"Hernando County &amp; Spring Hill, FL Real Estate and Home Search","potentialAction":[{"@type":"SearchAction","target":{"@type":"EntryPoint","urlTemplate":"https:\/\/www.theatlasgroup.com\/es\/?s={search_term_string}"},"query-input":{"@type":"PropertyValueSpecification","valueRequired":true,"valueName":"search_term_string"}}],"inLanguage":"es"}]}},"amp_enabled":true,"_links":{"self":[{"href":"https:\/\/www.theatlasgroup.com\/es\/wp-json\/wp\/v2\/pages\/177296","targetHints":{"allow":["GET"]}}],"collection":[{"href":"https:\/\/www.theatlasgroup.com\/es\/wp-json\/wp\/v2\/pages"}],"about":[{"href":"https:\/\/www.theatlasgroup.com\/es\/wp-json\/wp\/v2\/types\/page"}],"author":[{"embeddable":true,"href":"https:\/\/www.theatlasgroup.com\/es\/wp-json\/wp\/v2\/users\/5"}],"replies":[{"embeddable":true,"href":"https:\/\/www.theatlasgroup.com\/es\/wp-json\/wp\/v2\/comments?post=177296"}],"version-history":[{"count":0,"href":"https:\/\/www.theatlasgroup.com\/es\/wp-json\/wp\/v2\/pages\/177296\/revisions"}],"wp:attachment":[{"href":"https:\/\/www.theatlasgroup.com\/es\/wp-json\/wp\/v2\/media?parent=177296"}],"curies":[{"name":"wp","href":"https:\/\/api.w.org\/{rel}","templated":true}]}}