{"id":177289,"date":"2020-07-13T06:20:20","date_gmt":"2020-07-13T11:20:20","guid":{"rendered":"https:\/\/www.theatlasgroup.com\/descargar-todas-nuestras-guias\/"},"modified":"2023-04-17T00:39:27","modified_gmt":"2023-04-17T05:39:27","slug":"descargar-todas-nuestras-guias","status":"publish","type":"page","link":"https:\/\/www.theatlasgroup.com\/es\/descargar-todas-nuestras-guias\/","title":{"rendered":"Descargar todas nuestras gu\u00edas"},"content":{"rendered":"<div class=\"wpb-content-wrapper\"><p>[vc_row][vc_column width=\u00bb1\/4&#8243;][vc_single_image image=\u00bb2876&#8243; img_size=\u00bbfull\u00bb onclick=\u00bbcustom_link\u00bb link=\u00bbhttps:\/\/www.theatlasgroup.com\/es\/\u00bb][\/vc_column][vc_column width=\u00bb3\/4&#8243;][\/vc_column][\/vc_row][vc_row css_animation=\u00bbfadeIn\u00bb][vc_column width=\u00bb1\/2&#8243;][vc_column_text]<\/p>\n<h2>Descargar todas nuestras gu\u00edas<\/h2>\n<p>[\/vc_column_text][vc_column_text css_animation=\u00bbfadeIn\u00bb]Explore la colecci\u00f3n de gu\u00edas del Grupo Atlas que le ayudar\u00e1n a informarse sobre el proceso inmobiliario, sin importar en qu\u00e9 punto de su viaje se encuentre. Si est\u00e1 pensando en comprar, vender, reducir su tama\u00f1o o trasladarse, nuestras gu\u00edas le ayudar\u00e1n. Descargue hoy mismo nuestras gu\u00edas para obtener m\u00e1s informaci\u00f3n.[\/vc_column_text][\/vc_column][vc_column width=\u00bb1\/2&#8243;][vc_column_text css_animation=\u00bbfadeInUp\u00bb]<\/p>\n<h4 class=\"cf_title\" style=\"text-align: center;\">Descargar todas las gu\u00edas<\/h4>\n<p>[\/vc_column_text]<script type=\"text\/javascript\">\n\/* <![CDATA[ *\/\nvar gform;gform||(document.addEventListener(\"gform_main_scripts_loaded\",function(){gform.scriptsLoaded=!0}),document.addEventListener(\"gform\/theme\/scripts_loaded\",function(){gform.themeScriptsLoaded=!0}),window.addEventListener(\"DOMContentLoaded\",function(){gform.domLoaded=!0}),gform={domLoaded:!1,scriptsLoaded:!1,themeScriptsLoaded:!1,isFormEditor:()=>\"function\"==typeof InitializeEditor,callIfLoaded:function(o){return!(!gform.domLoaded||!gform.scriptsLoaded||!gform.themeScriptsLoaded&&!gform.isFormEditor()||(gform.isFormEditor()&&console.warn(\"The use of gform.initializeOnLoaded() is deprecated in the form editor context and will be removed in Gravity Forms 3.1.\"),o(),0))},initializeOnLoaded:function(o){gform.callIfLoaded(o)||(document.addEventListener(\"gform_main_scripts_loaded\",()=>{gform.scriptsLoaded=!0,gform.callIfLoaded(o)}),document.addEventListener(\"gform\/theme\/scripts_loaded\",()=>{gform.themeScriptsLoaded=!0,gform.callIfLoaded(o)}),window.addEventListener(\"DOMContentLoaded\",()=>{gform.domLoaded=!0,gform.callIfLoaded(o)}))},hooks:{action:{},filter:{}},addAction:function(o,r,e,t){gform.addHook(\"action\",o,r,e,t)},addFilter:function(o,r,e,t){gform.addHook(\"filter\",o,r,e,t)},doAction:function(o){gform.doHook(\"action\",o,arguments)},applyFilters:function(o){return gform.doHook(\"filter\",o,arguments)},removeAction:function(o,r){gform.removeHook(\"action\",o,r)},removeFilter:function(o,r,e){gform.removeHook(\"filter\",o,r,e)},addHook:function(o,r,e,t,n){null==gform.hooks[o][r]&&(gform.hooks[o][r]=[]);var d=gform.hooks[o][r];null==n&&(n=r+\"_\"+d.length),gform.hooks[o][r].push({tag:n,callable:e,priority:t=null==t?10:t})},doHook:function(r,o,e){var t;if(e=Array.prototype.slice.call(e,1),null!=gform.hooks[r][o]&&((o=gform.hooks[r][o]).sort(function(o,r){return o.priority-r.priority}),o.forEach(function(o){\"function\"!=typeof(t=o.callable)&&(t=window[t]),\"action\"==r?t.apply(null,e):e[0]=t.apply(null,e)})),\"filter\"==r)return e[0]},removeHook:function(o,r,t,n){var e;null!=gform.hooks[o][r]&&(e=(e=gform.hooks[o][r]).filter(function(o,r,e){return!!(null!=n&&n!=o.tag||null!=t&&t!=o.priority)}),gform.hooks[o][r]=e)}});\n\/* ]]> *\/\n<\/script>\n\n                <div class='gf_browser_gecko gform_wrapper gform_legacy_markup_wrapper gform-theme--no-framework' data-form-theme='legacy' data-form-index='0' id='gform_wrapper_11' ><form method='post' enctype='multipart\/form-data'  id='gform_11'  action='\/es\/wp-json\/wp\/v2\/pages\/177289' data-formid='11' novalidate>\n                        <div class='gform-body gform_body'><ul id='gform_fields_11' class='gform_fields top_label form_sublabel_below description_below validation_below'><li id=\"field_11_9\" class=\"gfield gfield--type-honeypot gform_validation_container field_sublabel_below gfield--has-description field_description_below field_validation_below gfield_visibility_visible\"  ><label class='gfield_label gform-field-label' for='input_11_9'>Comments<\/label><div class='ginput_container'><input name='input_9' id='input_11_9' type='text' value='' autocomplete='new-password'\/><\/div><div class='gfield_description' id='gfield_description_11_9'>Este campo es un campo de validaci\u00f3n y debe quedar sin cambios.<\/div><\/li><li id=\"field_11_1\" class=\"gfield gfield--type-text gfield_contains_required field_sublabel_below gfield--no-description field_description_below field_validation_below gfield_visibility_visible\"  ><label class='gfield_label gform-field-label' for='input_11_1'>Su nombre<span class=\"gfield_required\"><span class=\"gfield_required gfield_required_asterisk\">*<\/span><\/span><\/label><div class='ginput_container ginput_container_text'><input name='input_1' id='input_11_1' type='text' value='' class='large'     aria-required=\"true\" aria-invalid=\"false\"   \/><\/div><\/li><li id=\"field_11_2\" class=\"gfield gfield--type-email gfield_contains_required field_sublabel_below gfield--no-description field_description_below field_validation_below gfield_visibility_visible\"  ><label class='gfield_label gform-field-label' for='input_11_2'>Tu correo electr\u00f3nico<span class=\"gfield_required\"><span class=\"gfield_required gfield_required_asterisk\">*<\/span><\/span><\/label><div class='ginput_container ginput_container_email'>\n                            <input name='input_2' id='input_11_2' type='email' value='' class='large'    aria-required=\"true\" aria-invalid=\"false\"  \/>\n                        <\/div><\/li><li id=\"field_11_7\" class=\"gfield gfield--type-phone field_sublabel_below gfield--no-description field_description_below field_validation_below gfield_visibility_visible\"  ><label class='gfield_label gform-field-label' for='input_11_7'>Tel\u00e9fono<\/label><div class='ginput_container ginput_container_phone'><input name='input_7' id='input_11_7' type='tel' value='' class='large'    aria-invalid=\"false\"   \/><\/div><\/li><li id=\"field_11_4\" class=\"gfield gfield--type-hidden gform_hidden field_sublabel_below gfield--no-description field_description_below field_validation_below gfield_visibility_visible\"  ><div class='ginput_container ginput_container_text'><input name='input_4' id='input_11_4' type='hidden' class='gform_hidden'  aria-invalid=\"false\" value='216.73.217.40' \/><\/div><\/li><li id=\"field_11_5\" class=\"gfield gfield--type-hidden gform_hidden field_sublabel_below gfield--no-description field_description_below field_validation_below gfield_visibility_visible\"  ><div class='ginput_container ginput_container_text'><input name='input_5' id='input_11_5' type='hidden' class='gform_hidden'  aria-invalid=\"false\" value='05\/02\/2026' \/><\/div><\/li><li id=\"field_11_6\" class=\"gfield gfield--type-hidden gform_hidden field_sublabel_below gfield--no-description field_description_below field_validation_below gfield_visibility_visible\"  ><div class='ginput_container ginput_container_text'><input name='input_6' id='input_11_6' type='hidden' class='gform_hidden'  aria-invalid=\"false\" value='https:\/\/www.theatlasgroup.com\/es\/wp-json\/wp\/v2\/pages\/177289' \/><\/div><\/li><li id=\"field_11_8\" class=\"gfield gfield--type-captcha field_sublabel_below gfield--no-description field_description_below field_validation_below gfield_visibility_visible\"  ><label class='gfield_label gform-field-label screen-reader-text' for='input_11_8'><\/label><div id='input_11_8' class='ginput_container ginput_recaptcha' data-sitekey='6Leb9agUAAAAADB_Bz6c0GGOYv-bdINqoQj40Jfw'  data-theme='light' data-tabindex='0'  data-badge=''><\/div><\/li><\/ul><\/div>\n        <div class='gform-footer gform_footer top_label'> <input type='submit' id='gform_submit_button_11' class='gform_button button' onclick='gform.submission.handleButtonClick(this);' data-submission-type='submit' value='Send'  \/> \n            <input type='hidden' class='gform_hidden' name='gform_submission_method' data-js='gform_submission_method_11' value='postback' \/>\n            <input type='hidden' class='gform_hidden' name='gform_theme' data-js='gform_theme_11' id='gform_theme_11' value='legacy' \/>\n            <input type='hidden' class='gform_hidden' name='gform_style_settings' data-js='gform_style_settings_11' id='gform_style_settings_11' value='[]' \/>\n            <input type='hidden' class='gform_hidden' name='is_submit_11' value='1' \/>\n            <input type='hidden' class='gform_hidden' name='gform_submit' value='11' \/>\n            \n            <input type='hidden' class='gform_hidden' name='gform_currency' data-currency='USD' value='sUWJb8swdweaqCDSkzPdoU7LCm01MQlok0CQnHuWxlfgeQdOJw9NiMy4dfEK0ucn0EXUWNAml9+Ay7RwREy8HcXBsxZfccgtdw8eWC1PZ73oqmo=' \/>\n            <input type='hidden' class='gform_hidden' name='gform_unique_id' value='' \/>\n            <input type='hidden' class='gform_hidden' name='state_11' value='WyJbXSIsIjQ1ZDdlZmQyNTNiMzYzMzhjZmQ3MzhhODA4OThkODliIl0=' \/>\n            <input type='hidden' autocomplete='off' class='gform_hidden' name='gform_target_page_number_11' id='gform_target_page_number_11' value='0' \/>\n            <input type='hidden' autocomplete='off' class='gform_hidden' name='gform_source_page_number_11' id='gform_source_page_number_11' value='1' \/>\n            <input type='hidden' name='gform_field_values' value='' \/>\n            \n        <\/div>\n                        <p style=\"display: none !important;\" class=\"akismet-fields-container\" data-prefix=\"ak_\"><label>&#916;<textarea name=\"ak_hp_textarea\" cols=\"45\" rows=\"8\" maxlength=\"100\"><\/textarea><\/label><input type=\"hidden\" id=\"ak_js_1\" name=\"ak_js\" value=\"32\"\/><script>document.getElementById( \"ak_js_1\" ).setAttribute( \"value\", ( new Date() ).getTime() );<\/script><\/p><\/form>\n                        <\/div><script type=\"text\/javascript\">\n\/* <![CDATA[ *\/\n gform.initializeOnLoaded( function() {gformInitSpinner( 11, 'https:\/\/www.theatlasgroup.com\/wp-content\/plugins\/gravityforms\/images\/spinner.svg', true );jQuery('#gform_ajax_frame_11').on('load',function(){var contents = jQuery(this).contents().find('*').html();var is_postback = contents.indexOf('GF_AJAX_POSTBACK') >= 0;if(!is_postback){return;}var form_content = jQuery(this).contents().find('#gform_wrapper_11');var is_confirmation = jQuery(this).contents().find('#gform_confirmation_wrapper_11').length > 0;var is_redirect = contents.indexOf('gformRedirect(){') >= 0;var is_form = form_content.length > 0 && ! is_redirect && ! is_confirmation;var mt = parseInt(jQuery('html').css('margin-top'), 10) + parseInt(jQuery('body').css('margin-top'), 10) + 100;if(is_form){jQuery('#gform_wrapper_11').html(form_content.html());if(form_content.hasClass('gform_validation_error')){jQuery('#gform_wrapper_11').addClass('gform_validation_error');} else {jQuery('#gform_wrapper_11').removeClass('gform_validation_error');}setTimeout( function() { \/* delay the scroll by 50 milliseconds to fix a bug in chrome *\/  }, 50 );if(window['gformInitDatepicker']) {gformInitDatepicker();}if(window['gformInitPriceFields']) {gformInitPriceFields();}var current_page = jQuery('#gform_source_page_number_11').val();gformInitSpinner( 11, 'https:\/\/www.theatlasgroup.com\/wp-content\/plugins\/gravityforms\/images\/spinner.svg', true );jQuery(document).trigger('gform_page_loaded', [11, current_page]);window['gf_submitting_11'] = false;}else if(!is_redirect){var confirmation_content = jQuery(this).contents().find('.GF_AJAX_POSTBACK').html();if(!confirmation_content){confirmation_content = contents;}jQuery('#gform_wrapper_11').replaceWith(confirmation_content);jQuery(document).trigger('gform_confirmation_loaded', [11]);window['gf_submitting_11'] = false;wp.a11y.speak(jQuery('#gform_confirmation_message_11').text());}else{jQuery('#gform_11').append(contents);if(window['gformRedirect']) {gformRedirect();}}jQuery(document).trigger(\"gform_pre_post_render\", [{ formId: \"11\", currentPage: \"current_page\", abort: function() { this.preventDefault(); } }]);        if (event && event.defaultPrevented) {                return;        }        const gformWrapperDiv = document.getElementById( \"gform_wrapper_11\" );        if ( gformWrapperDiv ) {            const visibilitySpan = document.createElement( \"span\" );            visibilitySpan.id = \"gform_visibility_test_11\";            gformWrapperDiv.insertAdjacentElement( \"afterend\", visibilitySpan );        }        const visibilityTestDiv = document.getElementById( \"gform_visibility_test_11\" );        let postRenderFired = false;        function triggerPostRender() {            if ( postRenderFired ) {                return;            }            postRenderFired = true;            gform.core.triggerPostRenderEvents( 11, current_page );            if ( visibilityTestDiv ) {                visibilityTestDiv.parentNode.removeChild( visibilityTestDiv );            }        }        function debounce( func, wait, immediate ) {            var timeout;            return function() {                var context = this, args = arguments;                var later = function() {                    timeout = null;                    if ( !immediate ) func.apply( context, args );                };                var callNow = immediate && !timeout;                clearTimeout( timeout );                timeout = setTimeout( later, wait );                if ( callNow ) func.apply( context, args );            };        }        const debouncedTriggerPostRender = debounce( function() {            triggerPostRender();        }, 200 );        if ( visibilityTestDiv && visibilityTestDiv.offsetParent === null ) {            const observer = new MutationObserver( ( mutations ) => {                mutations.forEach( ( mutation ) => {                    if ( mutation.type === 'attributes' && visibilityTestDiv.offsetParent !== null ) {                        debouncedTriggerPostRender();                        observer.disconnect();                    }                });            });            observer.observe( document.body, {                attributes: true,                childList: false,                subtree: true,                attributeFilter: [ 'style', 'class' ],            });        } else {            triggerPostRender();        }    } );} ); \n\/* ]]> *\/\n<\/script>\n[\/vc_column][\/vc_row]<\/p>\n<\/div>","protected":false},"excerpt":{"rendered":"<p>[vc_row][vc_column width=\u00bb1\/4&#8243;][vc_single_image image=\u00bb2876&#8243; img_size=\u00bbfull\u00bb onclick=\u00bbcustom_link\u00bb link=\u00bbhttps:\/\/www.theatlasgroup.com\/es\/\u00bb][\/vc_column][vc_column width=\u00bb3\/4&#8243;][\/vc_column][\/vc_row][vc_row css_animation=\u00bbfadeIn\u00bb][vc_column width=\u00bb1\/2&#8243;][vc_column_text] Descargar todas nuestras gu\u00edas [\/vc_column_text][vc_column_text css_animation=\u00bbfadeIn\u00bb]Explore la colecci\u00f3n de gu\u00edas del Grupo Atlas que le ayudar\u00e1n a informarse sobre el proceso inmobiliario, sin importar en qu\u00e9 punto de su viaje se encuentre. Si est\u00e1 pensando en comprar, vender, reducir su tama\u00f1o o trasladarse, nuestras gu\u00edas le [&hellip;]<\/p>\n","protected":false},"author":5,"featured_media":0,"parent":0,"menu_order":0,"comment_status":"closed","ping_status":"closed","template":"template_page_landing.php","meta":{"_acf_changed":false,"footnotes":""},"class_list":["post-177289","page","type-page","status-publish","hentry","entry"],"acf":[],"yoast_head":"<!-- This site is optimized with the Yoast SEO plugin v25.0 - https:\/\/yoast.com\/wordpress\/plugins\/seo\/ -->\n<title>Descargar todas nuestras gu\u00edas - The Atlas Group<\/title>\n<meta name=\"description\" content=\"Explore la colecci\u00f3n de gu\u00edas del Grupo Atlas que le ayudar\u00e1n a informarse sobre el proceso inmobiliario, est\u00e9 donde est\u00e9.\" \/>\n<meta name=\"robots\" content=\"index, follow, max-snippet:-1, max-image-preview:large, max-video-preview:-1\" \/>\n<link rel=\"canonical\" href=\"https:\/\/www.theatlasgroup.com\/es\/descargar-todas-nuestras-guias\/\" \/>\n<meta property=\"og:locale\" content=\"es_ES\" \/>\n<meta property=\"og:type\" content=\"article\" \/>\n<meta property=\"og:title\" content=\"Descargar todas nuestras gu\u00edas - The Atlas Group\" \/>\n<meta property=\"og:description\" content=\"Explore la colecci\u00f3n de gu\u00edas del Grupo Atlas que le ayudar\u00e1n a informarse sobre el proceso inmobiliario, est\u00e9 donde est\u00e9.\" \/>\n<meta property=\"og:url\" content=\"https:\/\/www.theatlasgroup.com\/es\/descargar-todas-nuestras-guias\/\" \/>\n<meta property=\"og:site_name\" content=\"The Atlas Group\" \/>\n<meta property=\"article:modified_time\" content=\"2023-04-17T05:39:27+00:00\" \/>\n<meta name=\"twitter:card\" content=\"summary_large_image\" \/>\n<meta name=\"twitter:label1\" content=\"Tiempo de lectura\" \/>\n\t<meta name=\"twitter:data1\" content=\"1 minuto\" \/>\n<script type=\"application\/ld+json\" class=\"yoast-schema-graph\">{\"@context\":\"https:\/\/schema.org\",\"@graph\":[{\"@type\":\"WebPage\",\"@id\":\"https:\/\/www.theatlasgroup.com\/es\/descargar-todas-nuestras-guias\/\",\"url\":\"https:\/\/www.theatlasgroup.com\/es\/descargar-todas-nuestras-guias\/\",\"name\":\"Descargar todas nuestras gu\u00edas - The Atlas Group\",\"isPartOf\":{\"@id\":\"https:\/\/www.theatlasgroup.com\/es\/#website\"},\"datePublished\":\"2020-07-13T11:20:20+00:00\",\"dateModified\":\"2023-04-17T05:39:27+00:00\",\"description\":\"Explore la colecci\u00f3n de gu\u00edas del Grupo Atlas que le ayudar\u00e1n a informarse sobre el proceso inmobiliario, est\u00e9 donde est\u00e9.\",\"breadcrumb\":{\"@id\":\"https:\/\/www.theatlasgroup.com\/es\/descargar-todas-nuestras-guias\/#breadcrumb\"},\"inLanguage\":\"es\",\"potentialAction\":[{\"@type\":\"ReadAction\",\"target\":[\"https:\/\/www.theatlasgroup.com\/es\/descargar-todas-nuestras-guias\/\"]}]},{\"@type\":\"BreadcrumbList\",\"@id\":\"https:\/\/www.theatlasgroup.com\/es\/descargar-todas-nuestras-guias\/#breadcrumb\",\"itemListElement\":[{\"@type\":\"ListItem\",\"position\":1,\"name\":\"Home\",\"item\":\"https:\/\/www.theatlasgroup.com\/es\/\"},{\"@type\":\"ListItem\",\"position\":2,\"name\":\"Descargar todas nuestras gu\u00edas\"}]},{\"@type\":\"WebSite\",\"@id\":\"https:\/\/www.theatlasgroup.com\/es\/#website\",\"url\":\"https:\/\/www.theatlasgroup.com\/es\/\",\"name\":\"The Atlas Group\",\"description\":\"Hernando County &amp; Spring Hill, FL Real Estate and Home Search\",\"potentialAction\":[{\"@type\":\"SearchAction\",\"target\":{\"@type\":\"EntryPoint\",\"urlTemplate\":\"https:\/\/www.theatlasgroup.com\/es\/?s={search_term_string}\"},\"query-input\":{\"@type\":\"PropertyValueSpecification\",\"valueRequired\":true,\"valueName\":\"search_term_string\"}}],\"inLanguage\":\"es\"}]}<\/script>\n<!-- \/ Yoast SEO plugin. -->","yoast_head_json":{"title":"Descargar todas nuestras gu\u00edas - The Atlas Group","description":"Explore la colecci\u00f3n de gu\u00edas del Grupo Atlas que le ayudar\u00e1n a informarse sobre el proceso inmobiliario, est\u00e9 donde est\u00e9.","robots":{"index":"index","follow":"follow","max-snippet":"max-snippet:-1","max-image-preview":"max-image-preview:large","max-video-preview":"max-video-preview:-1"},"canonical":"https:\/\/www.theatlasgroup.com\/es\/descargar-todas-nuestras-guias\/","og_locale":"es_ES","og_type":"article","og_title":"Descargar todas nuestras gu\u00edas - The Atlas Group","og_description":"Explore la colecci\u00f3n de gu\u00edas del Grupo Atlas que le ayudar\u00e1n a informarse sobre el proceso inmobiliario, est\u00e9 donde est\u00e9.","og_url":"https:\/\/www.theatlasgroup.com\/es\/descargar-todas-nuestras-guias\/","og_site_name":"The Atlas Group","article_modified_time":"2023-04-17T05:39:27+00:00","twitter_card":"summary_large_image","twitter_misc":{"Tiempo de lectura":"1 minuto"},"schema":{"@context":"https:\/\/schema.org","@graph":[{"@type":"WebPage","@id":"https:\/\/www.theatlasgroup.com\/es\/descargar-todas-nuestras-guias\/","url":"https:\/\/www.theatlasgroup.com\/es\/descargar-todas-nuestras-guias\/","name":"Descargar todas nuestras gu\u00edas - The Atlas Group","isPartOf":{"@id":"https:\/\/www.theatlasgroup.com\/es\/#website"},"datePublished":"2020-07-13T11:20:20+00:00","dateModified":"2023-04-17T05:39:27+00:00","description":"Explore la colecci\u00f3n de gu\u00edas del Grupo Atlas que le ayudar\u00e1n a informarse sobre el proceso inmobiliario, est\u00e9 donde est\u00e9.","breadcrumb":{"@id":"https:\/\/www.theatlasgroup.com\/es\/descargar-todas-nuestras-guias\/#breadcrumb"},"inLanguage":"es","potentialAction":[{"@type":"ReadAction","target":["https:\/\/www.theatlasgroup.com\/es\/descargar-todas-nuestras-guias\/"]}]},{"@type":"BreadcrumbList","@id":"https:\/\/www.theatlasgroup.com\/es\/descargar-todas-nuestras-guias\/#breadcrumb","itemListElement":[{"@type":"ListItem","position":1,"name":"Home","item":"https:\/\/www.theatlasgroup.com\/es\/"},{"@type":"ListItem","position":2,"name":"Descargar todas nuestras gu\u00edas"}]},{"@type":"WebSite","@id":"https:\/\/www.theatlasgroup.com\/es\/#website","url":"https:\/\/www.theatlasgroup.com\/es\/","name":"The Atlas Group","description":"Hernando County &amp; Spring Hill, FL Real Estate and Home Search","potentialAction":[{"@type":"SearchAction","target":{"@type":"EntryPoint","urlTemplate":"https:\/\/www.theatlasgroup.com\/es\/?s={search_term_string}"},"query-input":{"@type":"PropertyValueSpecification","valueRequired":true,"valueName":"search_term_string"}}],"inLanguage":"es"}]}},"amp_enabled":false,"_links":{"self":[{"href":"https:\/\/www.theatlasgroup.com\/es\/wp-json\/wp\/v2\/pages\/177289","targetHints":{"allow":["GET"]}}],"collection":[{"href":"https:\/\/www.theatlasgroup.com\/es\/wp-json\/wp\/v2\/pages"}],"about":[{"href":"https:\/\/www.theatlasgroup.com\/es\/wp-json\/wp\/v2\/types\/page"}],"author":[{"embeddable":true,"href":"https:\/\/www.theatlasgroup.com\/es\/wp-json\/wp\/v2\/users\/5"}],"replies":[{"embeddable":true,"href":"https:\/\/www.theatlasgroup.com\/es\/wp-json\/wp\/v2\/comments?post=177289"}],"version-history":[{"count":0,"href":"https:\/\/www.theatlasgroup.com\/es\/wp-json\/wp\/v2\/pages\/177289\/revisions"}],"wp:attachment":[{"href":"https:\/\/www.theatlasgroup.com\/es\/wp-json\/wp\/v2\/media?parent=177289"}],"curies":[{"name":"wp","href":"https:\/\/api.w.org\/{rel}","templated":true}]}}